{"id":5263,"date":"2015-01-23T15:27:31","date_gmt":"2015-01-23T14:27:31","guid":{"rendered":"http:\/\/casana.nl\/?page_id=5263"},"modified":"2021-11-17T10:05:37","modified_gmt":"2021-11-17T09:05:37","slug":"proceso-de-alquilacion","status":"publish","type":"page","link":"https:\/\/casana.nl\/es\/alquiler\/proceso-de-alquilacion\/","title":{"rendered":"Proceso de alquilaci\u00f3n"},"content":{"rendered":"<div class=\"wpb-content-wrapper\"><p>[vc_row][vc_column offset=\u00bbvc_col-lg-6 vc_col-md-6&#8243; mobile_bg_img_hidden=\u00bbno\u00bb tablet_bg_img_hidden=\u00bbno\u00bb woodmart_parallax=\u00bb0&#8243; woodmart_sticky_column=\u00bbfalse\u00bb parallax_scroll=\u00bbno\u00bb mobile_reset_margin=\u00bbno\u00bb tablet_reset_margin=\u00bbno\u00bb][vc_single_image image=\u00bb35848&#8243; img_size=\u00bblarge\u00bb style=\u00bbvc_box_border\u00bb onclick=\u00bblink_image\u00bb parallax_scroll=\u00bbno\u00bb]<div id=\"wd-6037c7cd5c776\" class=\" wd-rs-6037c7cd5c776  wd-button-wrapper text-left\"><a href=\"https:\/\/www.casana.nl\/es\/alquiler\" title=\"Alquiler\" class=\"btn btn-style-default btn-shape-semi-round btn-size-default btn-icon-pos-left\">Oferta de alquiler<span class=\"wd-btn-icon\"><span class=\"wd-icon fas fa-home\"><\/span><\/span><\/a><\/div>[vc_empty_space woodmart_hide_large=\u00bb0&#8243; woodmart_hide_medium=\u00bb0&#8243; woodmart_hide_small=\u00bb0&#8243; woodmart_hide_extra_small=\u00bb0&#8243;][\/vc_column][vc_column offset=\u00bbvc_col-lg-6 vc_col-md-6&#8243; mobile_bg_img_hidden=\u00bbno\u00bb tablet_bg_img_hidden=\u00bbno\u00bb woodmart_parallax=\u00bb0&#8243; woodmart_sticky_column=\u00bbfalse\u00bb parallax_scroll=\u00bbno\u00bb mobile_reset_margin=\u00bbno\u00bb tablet_reset_margin=\u00bbno\u00bb]\n\t\t<div id=\"wd-6037c81bd36da\" class=\"title-wrapper wd-wpb wd-set-mb reset-last-child  wd-rs-6037c81bd36da wd-title-color-default wd-title-style-default text-left  wd-underline-colored\">\n\t\t\t\n\t\t\t<div class=\"liner-continer\">\n\t\t\t\t<h4 class=\"woodmart-title-container title  wd-font-weight-500 wd-fontsize-l\" >Proceso de alquilaci\u00f3n<\/h4>\n\t\t\t\t\t\t\t<\/div>\n\t\t\t\n\t\t\t\n\t\t\t\n\t\t<\/div>\n\t\t\n\t\t[vc_column_text text_larger=\u00bbno\u00bb]En nuestro sitio web encontrar\u00e1 la amplia gama de propiedades de alquiler. Una vez que haya encontrado una vivienda adecuada, puede reservarla f\u00e1cilmente a trav\u00e9s del sitio web. Adem\u00e1s de los gastos que pagas por el alquiler de la casa, tambi\u00e9n pagas los gastos de limpieza final, administraci\u00f3n, paquetes de toallas\/sabanas y la fianza. Tambi\u00e9n es posible que pague extra por su mascota o por el uso de una cuna o trona.<\/p>\n<p>Despu\u00e9s de su reserva, debe transferir el 20% del monto total para confirmar su reserva. El 80% restante debe pagarse a m\u00e1s tardar 30 d\u00edas antes de la fecha de llegada. Antes de la llegada, nos gustar\u00eda saber de usted a qu\u00e9 hora espera llegar, para que podamos estar presentes en su alojamiento de vacaciones a tiempo para darle la bienvenida y brindarle las explicaciones necesarias sobre su casa de vacaciones.<\/p>\n<p>El d\u00eda de llegada puede concertar una cita para la hora de su salida ( antes de las 10h00 de la ma\u00f1ana). La casa ser\u00e1 revisada a la salida y si todo est\u00e1 en orden su dep\u00f3sito ser\u00e1 reembolsado por Casa\u00f1a.<\/p>\n<p>Encontrar\u00e1 m\u00e1s informaci\u00f3n en el sitio web en T\u00e9rminos y condiciones generales. Si tiene alguna pregunta, no dude en contactarnos a trav\u00e9s del formulario de contacto.[\/vc_column_text][\/vc_column][\/vc_row]<\/p>\n<\/div>","protected":false},"excerpt":{"rendered":"<p>[vc_row][vc_column offset=\u00bbvc_col-lg-6 vc_col-md-6&#8243; mobile_bg_img_hidden=\u00bbno\u00bb tablet_bg_img_hidden=\u00bbno\u00bb woodmart_parallax=\u00bb0&#8243; woodmart_sticky_column=\u00bbfalse\u00bb parallax_scroll=\u00bbno\u00bb mobile_reset_margin=\u00bbno\u00bb tablet_reset_margin=\u00bbno\u00bb][vc_single_image image=\u00bb35848&#8243; img_size=\u00bblarge\u00bb style=\u00bbvc_box_border\u00bb onclick=\u00bblink_image\u00bb parallax_scroll=\u00bbno\u00bb][vc_empty_space woodmart_hide_large=\u00bb0&#8243; woodmart_hide_medium=\u00bb0&#8243; woodmart_hide_small=\u00bb0&#8243; woodmart_hide_extra_small=\u00bb0&#8243;][\/vc_column][vc_column offset=\u00bbvc_col-lg-6<\/p>\n","protected":false},"author":7,"featured_media":0,"parent":5257,"menu_order":0,"comment_status":"closed","ping_status":"open","template":"","meta":{"_acf_changed":false,"ngg_post_thumbnail":0,"footnotes":""},"class_list":["post-5263","page","type-page","status-publish","hentry"],"acf":[],"_links":{"self":[{"href":"https:\/\/casana.nl\/es\/wp-json\/wp\/v2\/pages\/5263","targetHints":{"allow":["GET"]}}],"collection":[{"href":"https:\/\/casana.nl\/es\/wp-json\/wp\/v2\/pages"}],"about":[{"href":"https:\/\/casana.nl\/es\/wp-json\/wp\/v2\/types\/page"}],"author":[{"embeddable":true,"href":"https:\/\/casana.nl\/es\/wp-json\/wp\/v2\/users\/7"}],"replies":[{"embeddable":true,"href":"https:\/\/casana.nl\/es\/wp-json\/wp\/v2\/comments?post=5263"}],"version-history":[{"count":8,"href":"https:\/\/casana.nl\/es\/wp-json\/wp\/v2\/pages\/5263\/revisions"}],"predecessor-version":[{"id":43035,"href":"https:\/\/casana.nl\/es\/wp-json\/wp\/v2\/pages\/5263\/revisions\/43035"}],"up":[{"embeddable":true,"href":"https:\/\/casana.nl\/es\/wp-json\/wp\/v2\/pages\/5257"}],"wp:attachment":[{"href":"https:\/\/casana.nl\/es\/wp-json\/wp\/v2\/media?parent=5263"}],"curies":[{"name":"wp","href":"https:\/\/api.w.org\/{rel}","templated":true}]}}