{"id":5261,"date":"2015-01-23T15:27:10","date_gmt":"2015-01-23T14:27:10","guid":{"rendered":"http:\/\/casana.nl\/?page_id=5261"},"modified":"2023-02-11T09:45:44","modified_gmt":"2023-02-11T08:45:44","slug":"hibernar","status":"publish","type":"page","link":"https:\/\/casana.nl\/es\/alquiler\/hibernar\/","title":{"rendered":"Hibernar"},"content":{"rendered":"<div class=\"wpb-content-wrapper\"><p>[vc_row][vc_column offset=\u00bbvc_col-lg-6 vc_col-md-6&#8243; mobile_bg_img_hidden=\u00bbno\u00bb tablet_bg_img_hidden=\u00bbno\u00bb woodmart_parallax=\u00bb0&#8243; woodmart_sticky_column=\u00bbfalse\u00bb parallax_scroll=\u00bbno\u00bb mobile_reset_margin=\u00bbno\u00bb tablet_reset_margin=\u00bbno\u00bb][vc_single_image image=\u00bb48572&#8243; parallax_scroll=\u00bbno\u00bb][\/vc_column][vc_column offset=\u00bbvc_col-lg-6 vc_col-md-6&#8243; mobile_bg_img_hidden=\u00bbno\u00bb tablet_bg_img_hidden=\u00bbno\u00bb woodmart_parallax=\u00bb0&#8243; woodmart_sticky_column=\u00bbfalse\u00bb parallax_scroll=\u00bbno\u00bb mobile_reset_margin=\u00bbno\u00bb tablet_reset_margin=\u00bbno\u00bb]\n\t\t<div id=\"wd-6037c86c086f2\" class=\"title-wrapper wd-wpb wd-set-mb reset-last-child  wd-rs-6037c86c086f2 wd-title-color-default wd-title-style-default text-left  wd-underline-colored\">\n\t\t\t\n\t\t\t<div class=\"liner-continer\">\n\t\t\t\t<h2 class=\"woodmart-title-container title  wd-font-weight-500 wd-fontsize-l\" >Hibernar<\/h2>\n\t\t\t\t\t\t\t<\/div>\n\t\t\t\n\t\t\t\n\t\t\t\n\t\t<\/div>\n\t\t\n\t\t[vc_column_text text_larger=\u00bbno\u00bb]\u00bfDesea pasar el invierno o parte de \u00e9l en el sol?<br \/>\nVisite nuestra selecci\u00f3n y contacte con nosotros a trav\u00e9s del formulario de contacto.<\/p>\n<p>Para los meses de invierno podemos ofrecerle precios especiales.<br \/>\nTenemos muchas propiedades diferentes, de acogedores bungalows con magn\u00edficas vistas a villas unifamiliares con piscina climatizada o jacuzzi.<\/p>\n<p>La Costa C\u00e1lida es conocida por su excelente clima. Su nombre ya lo dice todo, esta zona es la m\u00e1s calurosa de Espa\u00f1a, con 320 d\u00edas de sol al a\u00f1o y una temperatura media anual de m\u00e1s de 19 grados. Por lo tanto, el destino ideal.<\/p>\n<p>Pero a parte del buen tiempo, tambi\u00e9n puede disfrutar de su intensa tradici\u00f3n hist\u00f3rica y de la superposici\u00f3n de culturas, pero sobre todo de su naturaleza: paradis\u00edacas playas de interminable y blanca arena, calas salvajes de aguas de espejo y preciosas cuevas.<\/p>\n<p>Adem\u00e1s, \u00bfsab\u00eda que la Regi\u00f3n de Murcia ha sido nombrada el h\u00e1bitat m\u00e1s saludable del mundo por la \u201cOrganizacion Mundial de la Salud\u201d? Raz\u00f3n suficiente para la elecci\u00f3n de esta hermosa zona.<\/p>\n<p>D\u00edganos sus propuestas y le ofreceremos una soluci\u00f3n adecuada para cualquier per\u00edodo del a\u00f1o.[\/vc_column_text][\/vc_column][\/vc_row]<\/p>\n<\/div>","protected":false},"excerpt":{"rendered":"<p>[vc_row][vc_column offset=\u00bbvc_col-lg-6 vc_col-md-6&#8243; mobile_bg_img_hidden=\u00bbno\u00bb tablet_bg_img_hidden=\u00bbno\u00bb woodmart_parallax=\u00bb0&#8243; woodmart_sticky_column=\u00bbfalse\u00bb parallax_scroll=\u00bbno\u00bb mobile_reset_margin=\u00bbno\u00bb tablet_reset_margin=\u00bbno\u00bb][vc_single_image image=\u00bb48572&#8243; parallax_scroll=\u00bbno\u00bb][\/vc_column][vc_column offset=\u00bbvc_col-lg-6 vc_col-md-6&#8243; mobile_bg_img_hidden=\u00bbno\u00bb tablet_bg_img_hidden=\u00bbno\u00bb woodmart_parallax=\u00bb0&#8243; woodmart_sticky_column=\u00bbfalse\u00bb parallax_scroll=\u00bbno\u00bb mobile_reset_margin=\u00bbno\u00bb<\/p>\n","protected":false},"author":7,"featured_media":0,"parent":5257,"menu_order":0,"comment_status":"closed","ping_status":"open","template":"","meta":{"_acf_changed":false,"ngg_post_thumbnail":0,"footnotes":""},"class_list":["post-5261","page","type-page","status-publish","hentry"],"acf":[],"_links":{"self":[{"href":"https:\/\/casana.nl\/es\/wp-json\/wp\/v2\/pages\/5261","targetHints":{"allow":["GET"]}}],"collection":[{"href":"https:\/\/casana.nl\/es\/wp-json\/wp\/v2\/pages"}],"about":[{"href":"https:\/\/casana.nl\/es\/wp-json\/wp\/v2\/types\/page"}],"author":[{"embeddable":true,"href":"https:\/\/casana.nl\/es\/wp-json\/wp\/v2\/users\/7"}],"replies":[{"embeddable":true,"href":"https:\/\/casana.nl\/es\/wp-json\/wp\/v2\/comments?post=5261"}],"version-history":[{"count":6,"href":"https:\/\/casana.nl\/es\/wp-json\/wp\/v2\/pages\/5261\/revisions"}],"predecessor-version":[{"id":48577,"href":"https:\/\/casana.nl\/es\/wp-json\/wp\/v2\/pages\/5261\/revisions\/48577"}],"up":[{"embeddable":true,"href":"https:\/\/casana.nl\/es\/wp-json\/wp\/v2\/pages\/5257"}],"wp:attachment":[{"href":"https:\/\/casana.nl\/es\/wp-json\/wp\/v2\/media?parent=5261"}],"curies":[{"name":"wp","href":"https:\/\/api.w.org\/{rel}","templated":true}]}}