{"id":5259,"date":"2015-01-23T15:08:28","date_gmt":"2015-01-23T14:08:28","guid":{"rendered":"http:\/\/casana.nl\/?page_id=5259"},"modified":"2023-08-28T14:34:54","modified_gmt":"2023-08-28T12:34:54","slug":"alquiler-de-coches","status":"publish","type":"page","link":"https:\/\/casana.nl\/es\/alquiler\/alquiler-de-coches\/","title":{"rendered":"Alquiler de coches"},"content":{"rendered":"<div class=\"wpb-content-wrapper\"><p>[vc_row][vc_column offset=\u00bbvc_col-lg-6 vc_col-md-6&#8243; mobile_bg_img_hidden=\u00bbno\u00bb tablet_bg_img_hidden=\u00bbno\u00bb woodmart_parallax=\u00bb0&#8243; woodmart_sticky_column=\u00bbfalse\u00bb parallax_scroll=\u00bbno\u00bb mobile_reset_margin=\u00bbno\u00bb tablet_reset_margin=\u00bbno\u00bb][vc_single_image image=\u00bb38721&#8243; img_size=\u00bblarge\u00bb style=\u00bbvc_box_border\u00bb parallax_scroll=\u00bbno\u00bb][\/vc_column][vc_column offset=\u00bbvc_col-lg-6 vc_col-md-6&#8243; mobile_bg_img_hidden=\u00bbno\u00bb tablet_bg_img_hidden=\u00bbno\u00bb woodmart_parallax=\u00bb0&#8243; woodmart_sticky_column=\u00bbfalse\u00bb parallax_scroll=\u00bbno\u00bb mobile_reset_margin=\u00bbno\u00bb tablet_reset_margin=\u00bbno\u00bb]\n\t\t<div id=\"wd-61af50bb8cba9\" class=\"title-wrapper wd-wpb wd-set-mb reset-last-child  wd-rs-61af50bb8cba9 wd-title-color-default wd-title-style-default text-left  wd-underline-colored\">\n\t\t\t\n\t\t\t<div class=\"liner-continer\">\n\t\t\t\t<h2 class=\"woodmart-title-container title  wd-font-weight-500 wd-fontsize-l\" >Seguro, confiable y 100% descuidado al alquilar un coche a trav\u00e9s de Casa\u00f1a.<\/h2>\n\t\t\t\t\t\t\t<\/div>\n\t\t\t\n\t\t\t\n\t\t\t\n\t\t<\/div>\n\t\t\n\t\t[vc_column_text text_larger=\u00bbno\u00bb]Seguro, confiable y 100% descuidado al alquilar un coche a trav\u00e9s de Casa\u00f1a.<br \/>\nEn Casa\u00f1a reserva un coche de alquiler a trav\u00e9s de nuestro Sunny Cars, con la f\u00f3rmula \u00fanica de alquiler todo incluido. Tiene la seguridad de los mejores coches y no hay costes ocultos. En resumen: alquiler de coches seguro, familiar y 100% despreocupado.<br \/>\nTenga en cuenta que el conductor principal siempre debe estar en posesi\u00f3n de una tarjeta de cr\u00e9dito.&nbsp;<\/p>\n<p>&nbsp;[\/vc_column_text][vc_raw_html]JTNDc2Mtd2lkZ2V0JTIwYWZmaWxpYXRla2V5JTNEJTIyMjUyNTQ4NyUyMiUyMGRvbWFpbiUzRCUyMm5sJTIyJTIwbGFuZyUzRCUyMmVuJTIyJTNFJTNDJTJGc2Mtd2lkZ2V0JTNF[\/vc_raw_html][\/vc_column][\/vc_row]<\/p>\n<\/div>","protected":false},"excerpt":{"rendered":"<p>[vc_row][vc_column offset=\u00bbvc_col-lg-6 vc_col-md-6&#8243; mobile_bg_img_hidden=\u00bbno\u00bb tablet_bg_img_hidden=\u00bbno\u00bb woodmart_parallax=\u00bb0&#8243; woodmart_sticky_column=\u00bbfalse\u00bb parallax_scroll=\u00bbno\u00bb mobile_reset_margin=\u00bbno\u00bb tablet_reset_margin=\u00bbno\u00bb][vc_single_image image=\u00bb38721&#8243; img_size=\u00bblarge\u00bb style=\u00bbvc_box_border\u00bb parallax_scroll=\u00bbno\u00bb][\/vc_column][vc_column offset=\u00bbvc_col-lg-6 vc_col-md-6&#8243; mobile_bg_img_hidden=\u00bbno\u00bb tablet_bg_img_hidden=\u00bbno\u00bb woodmart_parallax=\u00bb0&#8243; woodmart_sticky_column=\u00bbfalse\u00bb<\/p>\n","protected":false},"author":7,"featured_media":0,"parent":5257,"menu_order":0,"comment_status":"closed","ping_status":"open","template":"","meta":{"_acf_changed":false,"ngg_post_thumbnail":0,"footnotes":""},"class_list":["post-5259","page","type-page","status-publish","hentry"],"acf":[],"_links":{"self":[{"href":"https:\/\/casana.nl\/es\/wp-json\/wp\/v2\/pages\/5259","targetHints":{"allow":["GET"]}}],"collection":[{"href":"https:\/\/casana.nl\/es\/wp-json\/wp\/v2\/pages"}],"about":[{"href":"https:\/\/casana.nl\/es\/wp-json\/wp\/v2\/types\/page"}],"author":[{"embeddable":true,"href":"https:\/\/casana.nl\/es\/wp-json\/wp\/v2\/users\/7"}],"replies":[{"embeddable":true,"href":"https:\/\/casana.nl\/es\/wp-json\/wp\/v2\/comments?post=5259"}],"version-history":[{"count":22,"href":"https:\/\/casana.nl\/es\/wp-json\/wp\/v2\/pages\/5259\/revisions"}],"predecessor-version":[{"id":51213,"href":"https:\/\/casana.nl\/es\/wp-json\/wp\/v2\/pages\/5259\/revisions\/51213"}],"up":[{"embeddable":true,"href":"https:\/\/casana.nl\/es\/wp-json\/wp\/v2\/pages\/5257"}],"wp:attachment":[{"href":"https:\/\/casana.nl\/es\/wp-json\/wp\/v2\/media?parent=5259"}],"curies":[{"name":"wp","href":"https:\/\/api.w.org\/{rel}","templated":true}]}}