{"id":5257,"date":"2015-01-23T15:26:28","date_gmt":"2015-01-23T14:26:28","guid":{"rendered":"http:\/\/casana.nl\/?page_id=5257"},"modified":"2024-04-12T14:40:57","modified_gmt":"2024-04-12T12:40:57","slug":"alquiler","status":"publish","type":"page","link":"https:\/\/casana.nl\/es\/alquiler\/","title":{"rendered":"Alquiler"},"content":{"rendered":"<div class=\"wpb-content-wrapper\"><p>[vc_row mobile_bg_img_hidden=\u00bbno\u00bb tablet_bg_img_hidden=\u00bbno\u00bb woodmart_parallax=\u00bb0&#8243; woodmart_gradient_switch=\u00bbno\u00bb row_reverse_mobile=\u00bb0&#8243; row_reverse_tablet=\u00bb0&#8243; woodmart_disable_overflow=\u00bb0&#8243;][vc_column mobile_bg_img_hidden=\u00bbno\u00bb tablet_bg_img_hidden=\u00bbno\u00bb woodmart_parallax=\u00bb0&#8243; woodmart_sticky_column=\u00bbfalse\u00bb parallax_scroll=\u00bbno\u00bb mobile_reset_margin=\u00bbno\u00bb tablet_reset_margin=\u00bbno\u00bb][vc_column_text text_larger=\u00bbno\u00bb]<iframe loading=\"lazy\" id=\"publicframe\" title=\"Boek hier uw vakantiewoning\" src=\"https:\/\/public2.reflexholiday.nl\/(S(mv15hgn0kjry44oebjyuth3q))\/OnlineBooking\/Search\/Search.aspx?relation=N18fbh8vzz8%3d&amp;languageid=6&amp;locationid=0&amp;searchmode=1&amp;bentityid=755\" height=\"1254px\" width=\"100%\" frameborder=\"0\"><br \/>\n<\/iframe>[\/vc_column_text][\/vc_column][\/vc_row][vc_row][vc_column width=\u00bb1\/5&#8243;][vc_single_image image=\u00bb38772&#8243; alignment=\u00bbcenter\u00bb parallax_scroll=\u00bbno\u00bb][\/vc_column][vc_column width=\u00bb4\/5&#8243;][vc_column_text text_larger=\u00bbno\u00bb]Todas nuestras casa de alquiler est\u00e1n registradas en el Turismo de Murcia.&nbsp;Ya puedes reservar una casa para la pr\u00f3xima temporada, tan f\u00e1cil y r\u00e1pido en l\u00ednea o a trav\u00e9s de <a href=\"mailto:hetty@casana.nl\">hetty@casana.nl<\/a><\/p>\n<p>&nbsp;<\/p>\n<p>&nbsp;<\/p>\n<p>&nbsp;[\/vc_column_text][\/vc_column][\/vc_row]<\/p>\n<\/div>","protected":false},"excerpt":{"rendered":"<p>[vc_row mobile_bg_img_hidden=\u00bbno\u00bb tablet_bg_img_hidden=\u00bbno\u00bb woodmart_parallax=\u00bb0&#8243; woodmart_gradient_switch=\u00bbno\u00bb row_reverse_mobile=\u00bb0&#8243; row_reverse_tablet=\u00bb0&#8243; woodmart_disable_overflow=\u00bb0&#8243;][vc_column mobile_bg_img_hidden=\u00bbno\u00bb tablet_bg_img_hidden=\u00bbno\u00bb woodmart_parallax=\u00bb0&#8243; woodmart_sticky_column=\u00bbfalse\u00bb parallax_scroll=\u00bbno\u00bb mobile_reset_margin=\u00bbno\u00bb tablet_reset_margin=\u00bbno\u00bb][vc_column_text text_larger=\u00bbno\u00bb] [\/vc_column_text][\/vc_column][\/vc_row][vc_row][vc_column width=\u00bb1\/5&#8243;][vc_single_image image=\u00bb38772&#8243; alignment=\u00bbcenter\u00bb<\/p>\n","protected":false},"author":7,"featured_media":0,"parent":0,"menu_order":0,"comment_status":"closed","ping_status":"closed","template":"","meta":{"_acf_changed":false,"ngg_post_thumbnail":0,"footnotes":""},"class_list":["post-5257","page","type-page","status-publish","hentry"],"acf":[],"_links":{"self":[{"href":"https:\/\/casana.nl\/es\/wp-json\/wp\/v2\/pages\/5257","targetHints":{"allow":["GET"]}}],"collection":[{"href":"https:\/\/casana.nl\/es\/wp-json\/wp\/v2\/pages"}],"about":[{"href":"https:\/\/casana.nl\/es\/wp-json\/wp\/v2\/types\/page"}],"author":[{"embeddable":true,"href":"https:\/\/casana.nl\/es\/wp-json\/wp\/v2\/users\/7"}],"replies":[{"embeddable":true,"href":"https:\/\/casana.nl\/es\/wp-json\/wp\/v2\/comments?post=5257"}],"version-history":[{"count":21,"href":"https:\/\/casana.nl\/es\/wp-json\/wp\/v2\/pages\/5257\/revisions"}],"predecessor-version":[{"id":55606,"href":"https:\/\/casana.nl\/es\/wp-json\/wp\/v2\/pages\/5257\/revisions\/55606"}],"wp:attachment":[{"href":"https:\/\/casana.nl\/es\/wp-json\/wp\/v2\/media?parent=5257"}],"curies":[{"name":"wp","href":"https:\/\/api.w.org\/{rel}","templated":true}]}}