{"id":38515,"date":"2021-03-03T16:42:59","date_gmt":"2021-03-03T15:42:59","guid":{"rendered":"https:\/\/casana.skyberatedev.nl\/verbouwbegeleiding\/"},"modified":"2024-04-10T16:49:40","modified_gmt":"2024-04-10T14:49:40","slug":"vende-su-casa","status":"publish","type":"page","link":"https:\/\/casana.nl\/es\/vende-su-casa\/","title":{"rendered":"Vende su casa"},"content":{"rendered":"<p><img loading=\"lazy\" decoding=\"async\" class=\" wd-lazy-fade  wp-image-55588 alignleft\" src=\"https:\/\/casana.nl\/wp-content\/themes\/woodmart\/images\/lazy.svg\" data-src=\"https:\/\/casana.nl\/wp-content\/uploads\/2024\/04\/Oficina-Casana-MCC-551x456.jpg\" alt=\"\" width=\"292\" height=\"241\" srcset=\"\" data-srcset=\"https:\/\/casana.nl\/wp-content\/uploads\/2024\/04\/Oficina-Casana-MCC-551x456.jpg 551w, https:\/\/casana.nl\/wp-content\/uploads\/2024\/04\/Oficina-Casana-MCC-600x497.jpg 600w, https:\/\/casana.nl\/wp-content\/uploads\/2024\/04\/Oficina-Casana-MCC-150x124.jpg 150w, https:\/\/casana.nl\/wp-content\/uploads\/2024\/04\/Oficina-Casana-MCC-1024x847.jpg 1024w, https:\/\/casana.nl\/wp-content\/uploads\/2024\/04\/Oficina-Casana-MCC.jpg 1160w\" sizes=\"auto, (max-width: 292px) 100vw, 292px\" \/><\/p>\n<p>Obtenga una valoraci\u00f3n gratuita de su propiedad.<\/p>\n<p>Inv\u00edtanos a su casa o visita nuestra oficina de Casa\u00f1a en el Mazarron Country Club.<\/p>\n","protected":false},"excerpt":{"rendered":"<p>Obtenga una valoraci\u00f3n gratuita de su propiedad. Inv\u00edtanos a su casa o visita nuestra oficina de Casa\u00f1a en el Mazarron<\/p>\n","protected":false},"author":11,"featured_media":0,"parent":0,"menu_order":0,"comment_status":"closed","ping_status":"closed","template":"","meta":{"_acf_changed":false,"ngg_post_thumbnail":0,"footnotes":""},"class_list":["post-38515","page","type-page","status-publish","hentry"],"acf":[],"_links":{"self":[{"href":"https:\/\/casana.nl\/es\/wp-json\/wp\/v2\/pages\/38515","targetHints":{"allow":["GET"]}}],"collection":[{"href":"https:\/\/casana.nl\/es\/wp-json\/wp\/v2\/pages"}],"about":[{"href":"https:\/\/casana.nl\/es\/wp-json\/wp\/v2\/types\/page"}],"author":[{"embeddable":true,"href":"https:\/\/casana.nl\/es\/wp-json\/wp\/v2\/users\/11"}],"replies":[{"embeddable":true,"href":"https:\/\/casana.nl\/es\/wp-json\/wp\/v2\/comments?post=38515"}],"version-history":[{"count":7,"href":"https:\/\/casana.nl\/es\/wp-json\/wp\/v2\/pages\/38515\/revisions"}],"predecessor-version":[{"id":55592,"href":"https:\/\/casana.nl\/es\/wp-json\/wp\/v2\/pages\/38515\/revisions\/55592"}],"wp:attachment":[{"href":"https:\/\/casana.nl\/es\/wp-json\/wp\/v2\/media?parent=38515"}],"curies":[{"name":"wp","href":"https:\/\/api.w.org\/{rel}","templated":true}]}}