{"id":38512,"date":"2021-03-03T16:41:31","date_gmt":"2021-03-03T15:41:31","guid":{"rendered":"https:\/\/casana.skyberatedev.nl\/sleutelbeheer\/"},"modified":"2022-10-19T09:22:31","modified_gmt":"2022-10-19T08:22:31","slug":"gestion-de-claves","status":"publish","type":"page","link":"https:\/\/casana.nl\/es\/gestion-de-claves\/","title":{"rendered":"Gesti\u00f3n de llaves"},"content":{"rendered":"<div class=\"wpb-content-wrapper\"><p>[vc_row][vc_column width=\u00bb1\/2&#8243;][vc_single_image image=\u00bb40579&#8243; parallax_scroll=\u00bbno\u00bb][\/vc_column][vc_column width=\u00bb1\/2&#8243;][vc_column_text text_larger=\u00bbno\u00bb]<\/p>\n<h2>Contrato de servicio Casa\u00f1a<\/h2>\n<p>Adem\u00e1s de mediar en la compra, venta y alquiler de su casa, Casa\u00f1a tambi\u00e9n le ofrece un servicio donde puede dejar su casa en el Mazarron Country Club&nbsp;con tranquilidad.<br \/>\nHemos notado que existe la necesidad de un extra servicio, para que puedas disfrutar al m\u00e1ximo de su casa y dejarnos sus llaves con confianza. Tiene la seguridad de que su hogar se revisa adecuadamente todos los meses.<br \/>\nPero cuando ha llegado el momento en que desea volver a utilizar su casa en el Mazarron Country Club, es agradable volver a su casa cuando encuentra la casa de nuevo como la dej\u00f3.<\/p>\n<p>Solo podemos ofrecer este servicio para viviendas en Mazarr\u00f3n Country Club.<\/p>\n<p>\u00bfM\u00e1s informaci\u00f3n? Por favor cont\u00e1ctenos a trav\u00e9s de nuestro formulario de contacto.<\/p>\n<p>&nbsp;[\/vc_column_text][\/vc_column][\/vc_row]<\/p>\n<\/div>","protected":false},"excerpt":{"rendered":"<p>[vc_row][vc_column width=\u00bb1\/2&#8243;][vc_single_image image=\u00bb40579&#8243; parallax_scroll=\u00bbno\u00bb][\/vc_column][vc_column width=\u00bb1\/2&#8243;][vc_column_text text_larger=\u00bbno\u00bb] Contrato de servicio Casa\u00f1a Adem\u00e1s de mediar en la compra, venta y alquiler de<\/p>\n","protected":false},"author":11,"featured_media":0,"parent":0,"menu_order":0,"comment_status":"closed","ping_status":"closed","template":"","meta":{"_acf_changed":false,"ngg_post_thumbnail":0,"footnotes":""},"class_list":["post-38512","page","type-page","status-publish","hentry"],"acf":[],"_links":{"self":[{"href":"https:\/\/casana.nl\/es\/wp-json\/wp\/v2\/pages\/38512","targetHints":{"allow":["GET"]}}],"collection":[{"href":"https:\/\/casana.nl\/es\/wp-json\/wp\/v2\/pages"}],"about":[{"href":"https:\/\/casana.nl\/es\/wp-json\/wp\/v2\/types\/page"}],"author":[{"embeddable":true,"href":"https:\/\/casana.nl\/es\/wp-json\/wp\/v2\/users\/11"}],"replies":[{"embeddable":true,"href":"https:\/\/casana.nl\/es\/wp-json\/wp\/v2\/comments?post=38512"}],"version-history":[{"count":5,"href":"https:\/\/casana.nl\/es\/wp-json\/wp\/v2\/pages\/38512\/revisions"}],"predecessor-version":[{"id":47537,"href":"https:\/\/casana.nl\/es\/wp-json\/wp\/v2\/pages\/38512\/revisions\/47537"}],"wp:attachment":[{"href":"https:\/\/casana.nl\/es\/wp-json\/wp\/v2\/media?parent=38512"}],"curies":[{"name":"wp","href":"https:\/\/api.w.org\/{rel}","templated":true}]}}