{"id":38119,"date":"2021-02-26T13:37:35","date_gmt":"2021-02-26T12:37:35","guid":{"rendered":"https:\/\/casana.skyberatedev.nl\/?page_id=38119"},"modified":"2023-12-19T16:15:47","modified_gmt":"2023-12-19T15:15:47","slug":"comentarios-en-venta","status":"publish","type":"page","link":"https:\/\/casana.nl\/es\/comentarios-en-venta\/","title":{"rendered":"Comentarios en venta"},"content":{"rendered":"<div class=\"wpb-content-wrapper\"><p>[vc_row el_id=\u00bbreviews-rij\u00bb mobile_bg_img_hidden=\u00bbno\u00bb tablet_bg_img_hidden=\u00bbno\u00bb woodmart_parallax=\u00bb0&#8243; woodmart_gradient_switch=\u00bbno\u00bb row_reverse_mobile=\u00bb0&#8243; row_reverse_tablet=\u00bb0&#8243; woodmart_disable_overflow=\u00bb0&#8243;][vc_column][vc_column_text text_larger=\u00bbno\u00bb css=\u00bb.vc_custom_1702998557232{padding-bottom: 1px !important;}\u00bb]<\/p>\n<h2 class=\"reviewtitle\">&nbsp;<\/h2>\n<div class=\"reviewcontent\">\n<p>Joaquin<\/p>\n<p>Quer\u00edamos transmitir que estamos super contentos y felices de haber trabajado con ustedes, una empresa seria y profesional, que nos a ayudado mucho y m\u00e1s que no ten\u00edamos experiencia a la hora de comprar una casa. Recomiendo CASA\u00d1A INMOBILIARIA, en nuestro caso a sido comprar pero si ninguna duda tambi\u00e9n para vender, por c\u00f3mo te explican y se involucran con sus clientes. Nivel de Satisfacci\u00f3n \u201d SOBRESALIENTE\u201d.<\/p>\n<\/div>\n<p>&nbsp;<\/p>\n<p>&nbsp;<\/p>\n<p>&nbsp;<\/p>\n<p>&nbsp;<\/p>\n<p>&nbsp;[\/vc_column_text][vc_column_text text_larger=\u00bbno\u00bb]Rafael<\/p>\n<p>Hemos comprado una casa en el Country Club a trav\u00e9s de Inmobiliaria Casa\u00f1a, y la experiencia ha sido muy buena, todo el proceso de compra se ha realizado en poco m\u00e1s de un mes, de una forma muy \u00e1gil y profesional, todo gracias a Isabelle por su gran profesionalidad y su trato cercano que ha hecho que todo sea f\u00e1cil.[\/vc_column_text][vc_column_text text_larger=\u00bbno\u00bb]Edu<\/p>\n<p>Atenci\u00f3n y trato correctisimo. Gesti\u00f3n impecable. Absolutamente recomendable trabajar con ellos. Si tuviera que hacer una nueva venta sin lugar a dudas la har\u00eda con ella.<\/p>\n<p>&nbsp;[\/vc_column_text][vc_column_text text_larger=\u00bbno\u00bb]Claudio<\/p>\n<p>Hemos comprado nuestra casa a trav\u00e9s de Casa\u00f1a. Desde que dimos la se\u00f1al pasaron 4 meses por diferentes problemas incluida la pandemia y siempre tuvimos apoyo y comprensi\u00f3n por parte de Casa\u00f1a. Tuvimos una atenci\u00f3n muy buena, amable, profesional y eficiente. Isabelle nos ense\u00f1\u00f3 las propiedades que ten\u00edan, nos hizo sugerencias, nos mostr\u00f3 muchas casas muchas veces y siempre con una sonrisa y Anouk tuvo que viajar desde el extranjero para estar en la firma ante Notario y fue amabil\u00edsima y muy profesional. Todo han sido ayuda y ventajas. Han cubierto todas nuestras expectativas con creces. Recomendamos a Casa\u00f1a como una Inmobiliaria Excelente. Gracias![\/vc_column_text][vc_column_text text_larger=\u00bbno\u00bb]Raquel<\/p>\n<p>Muy profesionales.<\/p>\n<p>&nbsp;[\/vc_column_text][\/vc_column][\/vc_row]<\/p>\n<\/div>","protected":false},"excerpt":{"rendered":"<p>[vc_row el_id=\u00bbreviews-rij\u00bb mobile_bg_img_hidden=\u00bbno\u00bb tablet_bg_img_hidden=\u00bbno\u00bb woodmart_parallax=\u00bb0&#8243; woodmart_gradient_switch=\u00bbno\u00bb row_reverse_mobile=\u00bb0&#8243; row_reverse_tablet=\u00bb0&#8243; woodmart_disable_overflow=\u00bb0&#8243;][vc_column][vc_column_text text_larger=\u00bbno\u00bb css=\u00bb.vc_custom_1702998557232{padding-bottom: 1px !important;}\u00bb] &nbsp; Joaquin Quer\u00edamos transmitir que estamos super<\/p>\n","protected":false},"author":11,"featured_media":0,"parent":0,"menu_order":0,"comment_status":"closed","ping_status":"open","template":"","meta":{"_acf_changed":false,"ngg_post_thumbnail":0,"footnotes":""},"class_list":["post-38119","page","type-page","status-publish","hentry"],"acf":[],"_links":{"self":[{"href":"https:\/\/casana.nl\/es\/wp-json\/wp\/v2\/pages\/38119","targetHints":{"allow":["GET"]}}],"collection":[{"href":"https:\/\/casana.nl\/es\/wp-json\/wp\/v2\/pages"}],"about":[{"href":"https:\/\/casana.nl\/es\/wp-json\/wp\/v2\/types\/page"}],"author":[{"embeddable":true,"href":"https:\/\/casana.nl\/es\/wp-json\/wp\/v2\/users\/11"}],"replies":[{"embeddable":true,"href":"https:\/\/casana.nl\/es\/wp-json\/wp\/v2\/comments?post=38119"}],"version-history":[{"count":10,"href":"https:\/\/casana.nl\/es\/wp-json\/wp\/v2\/pages\/38119\/revisions"}],"predecessor-version":[{"id":53792,"href":"https:\/\/casana.nl\/es\/wp-json\/wp\/v2\/pages\/38119\/revisions\/53792"}],"wp:attachment":[{"href":"https:\/\/casana.nl\/es\/wp-json\/wp\/v2\/media?parent=38119"}],"curies":[{"name":"wp","href":"https:\/\/api.w.org\/{rel}","templated":true}]}}