{"id":38033,"date":"2021-02-26T09:12:26","date_gmt":"2021-02-26T08:12:26","guid":{"rendered":"https:\/\/casana.skyberatedev.nl\/?page_id=38033"},"modified":"2026-01-07T15:09:35","modified_gmt":"2026-01-07T14:09:35","slug":"sobre-nosotros","status":"publish","type":"page","link":"https:\/\/casana.nl\/es\/contactar\/sobre-nosotros\/","title":{"rendered":"Sobre nosotros"},"content":{"rendered":"<div class=\"wpb-content-wrapper\"><p>[vc_row][vc_column][vc_custom_heading text=\u00bbSu agente inmobiliario de confianza durante casi 20 a\u00f1os en la Costa C\u00e1lida.\u00bb font_container=\u00bbtag:p|font_size:22|text_align:left|color:%238e8e8e\u00bb google_fonts=\u00bbfont_family:Lato%3A100%2C100italic%2C300%2C300italic%2Cregular%2Citalic%2C700%2C700italic%2C900%2C900italic|font_style:400%20italic%3A400%3Aitalic\u00bb css=\u00bb\u00bb][\/vc_column][\/vc_row][vc_row equal_height=\u00bbyes\u00bb css_animation=\u00bbfadeIn\u00bb css=\u00bb.vc_custom_1496931930911{margin-right: -40px !important;margin-left: -40px !important;}\u00bb][vc_column woodmart_color_scheme=\u00bbdark\u00bb offset=\u00bbvc_col-lg-6 vc_col-md-6&#8243; css=\u00bb.vc_custom_1612961002487{border-right-width: 1px !important;padding-top: 20px !important;padding-right: 40px !important;padding-bottom: 10px !important;padding-left: 40px !important;border-right-color: rgba(129,129,129,0.2) !important;border-right-style: solid !important;}\u00bb mobile_bg_img_hidden=\u00bbno\u00bb tablet_bg_img_hidden=\u00bbno\u00bb woodmart_parallax=\u00bb0&#8243; woodmart_sticky_column=\u00bbfalse\u00bb parallax_scroll=\u00bbno\u00bb mobile_reset_margin=\u00bbno\u00bb tablet_reset_margin=\u00bbno\u00bb][vc_column_text css=\u00bb\u00bb text_larger=\u00bbno\u00bb woodmart_inline=\u00bbno\u00bb]El mercado inmobiliario espa\u00f1ol ha cambiado significativamente en los \u00faltimos a\u00f1os. Lo que era muy diferente en 2006 se ha convertido en un mercado maduro y profesional. Fue precisamente durante este per\u00edodo que se fund\u00f3 Casa\u00f1a. El a\u00f1o que viene cumpliremos 20 a\u00f1os de actividad en la regi\u00f3n, con un profundo conocimiento del mercado inmobiliario de la Costa C\u00e1lida y la Regi\u00f3n de Murcia.<\/p>\n<p>Casa\u00f1a se fund\u00f3 tras una intensa experiencia pr\u00e1ctica en una empresa constructora y un estudio de arquitectura en el sur de Espa\u00f1a. Con la orientaci\u00f3n de profesionales con amplia experiencia en venta y alquiler de propiedades, Casa\u00f1a se ha convertido con los a\u00f1os en una agencia inmobiliaria fiable y consolidada, donde puede acudir para resolver todas sus preguntas sobre vivir e invertir en Espa\u00f1a.<\/p>\n<p>Contamos con un equipo entusiasta y profesional que habla varios idiomas, incluido el suyo, por lo que la comunicaci\u00f3n fluida y el asesoramiento personalizado est\u00e1n siempre garantizados. Las numerosas opiniones positivas de nuestros clientes satisfechos confirman nuestro enfoque y compromiso. Muchos de ellos han hecho realidad sus sue\u00f1os y han construido una nueva vida en Espa\u00f1a.<\/p>\n<p>Adem\u00e1s de vender viviendas y terrenos, ofrecemos un servicio integral. Le guiamos de principio a fin en la compra de la casa de sus sue\u00f1os, incluyendo la gesti\u00f3n fiscal, la asistencia legal, las reformas y los permisos necesarios. Tambi\u00e9n ofrecemos servicios como la construcci\u00f3n de piscinas y jardines. Si lo desea, podemos alquilar su propiedad cuando no la est\u00e9 utilizando.<\/p>\n<p>El asesoramiento personalizado es nuestra prioridad. Durante las visitas, dedicamos tiempo a usted y nos centramos por completo en sus deseos. Colaboramos con socios locales de confianza, cuidadosamente seleccionados, para satisfacer sus expectativas.<\/p>\n<p>\u00bfDesea recibir una preparaci\u00f3n profesional y completa? No dude en contactarnos. Estaremos encantados de visitar su casa para una consulta sin compromiso y, a continuaci\u00f3n, le invitamos cordialmente a explorar esta hermosa regi\u00f3n de Espa\u00f1a con nosotros.<\/p>\n<p>&nbsp;<\/p>\n<p>&nbsp;[\/vc_column_text][\/vc_column][vc_column offset=\u00bbvc_col-lg-6 vc_col-md-6&#8243; css=\u00bb.vc_custom_1496932331302{padding-top: 20px !important;padding-right: 40px !important;padding-bottom: 10px !important;padding-left: 40px !important;}\u00bb][vc_column_text text_larger=\u00bbno\u00bb]Adem\u00e1s, si lo desea, podemos ayudarle en el arrendamiento de su casa cuando no est\u00e9 en uso.<\/p>\n<p>Casa\u00f1a tambi\u00e9n organiza viajes para que usted pueda visitar las propiedades. Estos viajes privados est\u00e1n a su entera disposici\u00f3n, puesto que le pueden servir de ayuda con la b\u00fasqueda de su nueva propiedad.<\/p>\n<p>Si hemos despertado su inter\u00e9s, p\u00f3ngase en contacto con nosotros. Te invitamos a conocer y descubir esta bella regi\u00f3n de Espa\u00f1a. Ser\u00eda un placer invitarle a una entrevista sin compromiso de su parte.[\/vc_column_text]\n\t\t<div id=\"wd-6038ad3000d0a\" class=\"title-wrapper wd-wpb wd-set-mb reset-last-child  wd-rs-6038ad3000d0a wd-title-color-default wd-title-style-bordered text-left vc_custom_1614327095131 wd-underline-colored\">\n\t\t\t\n\t\t\t<div class=\"liner-continer\">\n\t\t\t\t<h4 class=\"woodmart-title-container title  wd-font-weight-500 wd-fontsize-xl\" >CONTACTAR<\/h4>\n\t\t\t\t\t\t\t<\/div>\n\t\t\t\n\t\t\t\n\t\t\t\n\t\t<\/div>\n\t\t\n\t\t[vc_row_inner css=\u00bb.vc_custom_1484253288811{margin-bottom: 0px !important;}\u00bb][vc_column_inner width=\u00bb1\/2&#8243;]\t\t\t<div class=\"info-box-wrapper\">\n\t\t\t\t<div id=\"wd-695e68e2450ec\" class=\" wd-rs-695e68e2450ec wd-info-box wd-wpb text-left box-icon-align-left box-style- color-scheme- wd-bg-none wd-items-top vc_custom_1767794925525\">\n\t\t\t\t\t\t\t\t\t\t\t<div class=\"box-icon-wrapper  box-with-icon box-icon-simple\">\n\t\t\t\t\t\t\t<div class=\"info-box-icon\">\n\t\t\t\t\t\t\t\t<img loading=\"lazy\" decoding=\"async\" width=\"300\" height=\"300\" src=\"https:\/\/casana.nl\/wp-content\/uploads\/2026\/01\/Casana-Anouk.jpg\" class=\"attachment-300x300 size-300x300\" alt=\"\" srcset=\"https:\/\/casana.nl\/wp-content\/uploads\/2026\/01\/Casana-Anouk.jpg 300w, https:\/\/casana.nl\/wp-content\/uploads\/2026\/01\/Casana-Anouk-150x150.jpg 150w\" sizes=\"auto, (max-width: 300px) 100vw, 300px\" \/>\t\t\t\t\t\t\t<\/div>\n\t\t\t\t\t\t<\/div>\n\t\t\t\t\t\t\t\t\t\t<div class=\"info-box-content\">\n\t\t\t\t\t\t\t\t\t\t\t\t<div class=\"info-box-inner reset-last-child\"><p><span style=\"color: #333333;\"><strong>Anouk Hopman<\/strong><\/span><\/p>\n<p><em>Proprietaria&nbsp;<\/em><\/p>\n<p><i class=\"fa fa-envelope-o\"><\/i> <a href=\"mailto:info@casana.nl\">info@casana.nl<\/a><br \/>\n<img loading=\"lazy\" decoding=\"async\" src=\"https:\/\/casana.nl\/wp-content\/plugins\/sitepress-multilingual-cms\/res\/flags\/es.png\" width=\"18\" height=\"12\"> <img loading=\"lazy\" decoding=\"async\" src=\"https:\/\/casana.nl\/wp-content\/plugins\/sitepress-multilingual-cms\/res\/flags\/nl.png\" width=\"18\" height=\"12\"> <img loading=\"lazy\" decoding=\"async\" src=\"https:\/\/casana.nl\/wp-content\/plugins\/sitepress-multilingual-cms\/res\/flags\/en.png\" width=\"18\" height=\"12\"><\/p>\n<p>&nbsp;<\/p>\n<\/div>\n\n\t\t\t\t\t\t\t\t\t\t\t<\/div>\n\n\t\t\t\t\t\n\t\t\t\t\t\t\t\t\t<\/div>\n\t\t\t<\/div>\n\t\t\t\t\t<div class=\"info-box-wrapper\">\n\t\t\t\t<div id=\"wd-695e68ef5f861\" class=\" wd-rs-695e68ef5f861 wd-info-box wd-wpb text-left box-icon-align-left box-style- color-scheme- wd-bg-none wd-items-top vc_custom_1767794936773\">\n\t\t\t\t\t\t\t\t\t\t\t<div class=\"box-icon-wrapper  box-with-icon box-icon-simple\">\n\t\t\t\t\t\t\t<div class=\"info-box-icon\">\n\t\t\t\t\t\t\t\t<img loading=\"lazy\" decoding=\"async\" width=\"300\" height=\"299\" src=\"https:\/\/casana.nl\/wp-content\/uploads\/2026\/01\/Casana-Hetty.jpg\" class=\"attachment-300x300 size-300x300\" alt=\"\" srcset=\"https:\/\/casana.nl\/wp-content\/uploads\/2026\/01\/Casana-Hetty.jpg 300w, https:\/\/casana.nl\/wp-content\/uploads\/2026\/01\/Casana-Hetty-150x150.jpg 150w\" sizes=\"auto, (max-width: 300px) 100vw, 300px\" \/>\t\t\t\t\t\t\t<\/div>\n\t\t\t\t\t\t<\/div>\n\t\t\t\t\t\t\t\t\t\t<div class=\"info-box-content\">\n\t\t\t\t\t\t\t\t\t\t\t\t<div class=\"info-box-inner reset-last-child\"><p><span style=\"color: #333333;\"><strong>Hetty Venema <\/strong><\/span><\/p>\n<p><em>Alquileres<\/em><\/p>\n<p><i class=\"fa fa-envelope-o\"><\/i> <a href=\"mailto:hetty@casana.nl\">hetty@casana.nl<\/a><br \/>\n<img loading=\"lazy\" decoding=\"async\" src=\"https:\/\/casana.nl\/wp-content\/plugins\/sitepress-multilingual-cms\/res\/flags\/es.png\" width=\"18\" height=\"12\"> <img loading=\"lazy\" decoding=\"async\" src=\"https:\/\/casana.nl\/wp-content\/plugins\/sitepress-multilingual-cms\/res\/flags\/nl.png\" width=\"18\" height=\"12\"> <img loading=\"lazy\" decoding=\"async\" src=\"https:\/\/casana.nl\/wp-content\/plugins\/sitepress-multilingual-cms\/res\/flags\/fr.png\" width=\"18\" height=\"12\"> <img loading=\"lazy\" decoding=\"async\" src=\"https:\/\/casana.nl\/wp-content\/plugins\/sitepress-multilingual-cms\/res\/flags\/en.png\" width=\"18\" height=\"12\"> <img loading=\"lazy\" decoding=\"async\" src=\"https:\/\/casana.nl\/wp-content\/plugins\/sitepress-multilingual-cms\/res\/flags\/de.png\" width=\"18\" height=\"12\"><\/p>\n<p>&nbsp;<\/p>\n<\/div>\n\n\t\t\t\t\t\t\t\t\t\t\t<\/div>\n\n\t\t\t\t\t\n\t\t\t\t\t\t\t\t\t<\/div>\n\t\t\t<\/div>\n\t\t\t\t\t<div class=\"info-box-wrapper\">\n\t\t\t\t<div id=\"wd-695e68fb0ee14\" class=\" wd-rs-695e68fb0ee14 wd-info-box wd-wpb text-left box-icon-align-left box-style- color-scheme- wd-bg-none wd-items-top vc_custom_1767794947953\">\n\t\t\t\t\t\t\t\t\t\t\t<div class=\"box-icon-wrapper  box-with-icon box-icon-simple\">\n\t\t\t\t\t\t\t<div class=\"info-box-icon\">\n\t\t\t\t\t\t\t\t<img loading=\"lazy\" decoding=\"async\" width=\"300\" height=\"300\" src=\"https:\/\/casana.nl\/wp-content\/uploads\/2026\/01\/Casana-Frank.jpg\" class=\"attachment-300x300 size-300x300\" alt=\"\" srcset=\"https:\/\/casana.nl\/wp-content\/uploads\/2026\/01\/Casana-Frank.jpg 300w, https:\/\/casana.nl\/wp-content\/uploads\/2026\/01\/Casana-Frank-150x150.jpg 150w\" sizes=\"auto, (max-width: 300px) 100vw, 300px\" \/>\t\t\t\t\t\t\t<\/div>\n\t\t\t\t\t\t<\/div>\n\t\t\t\t\t\t\t\t\t\t<div class=\"info-box-content\">\n\t\t\t\t\t\t\t\t\t\t\t\t<div class=\"info-box-inner reset-last-child\"><p><span style=\"color: #333333;\"><strong>Frank Slegers&nbsp; <\/strong><\/span><\/p>\n<p><em>Ventas&nbsp;<br \/>\n<\/em><\/p>\n<p><a href=\"mailto:sales@casana.nl\">service@casana.nl<\/a><br \/>\n<img loading=\"lazy\" decoding=\"async\" src=\"https:\/\/casana.nl\/wp-content\/plugins\/sitepress-multilingual-cms\/res\/flags\/nl.png\" width=\"18\" height=\"12\"> <img loading=\"lazy\" decoding=\"async\" src=\"https:\/\/casana.nl\/wp-content\/plugins\/sitepress-multilingual-cms\/res\/flags\/en.png\" width=\"18\" height=\"12\"> <img loading=\"lazy\" decoding=\"async\" src=\"https:\/\/casana.nl\/wp-content\/plugins\/sitepress-multilingual-cms\/res\/flags\/de.png\" width=\"18\" height=\"12\"><\/p>\n<p>&nbsp;<\/p>\n<\/div>\n\n\t\t\t\t\t\t\t\t\t\t\t<\/div>\n\n\t\t\t\t\t\n\t\t\t\t\t\t\t\t\t<\/div>\n\t\t\t<\/div>\n\t\t[\/vc_column_inner][vc_column_inner width=\u00bb1\/2&#8243;]\t\t\t<div class=\"info-box-wrapper\">\n\t\t\t\t<div id=\"wd-695e690754be1\" class=\" wd-rs-695e690754be1 wd-info-box wd-wpb text-left box-icon-align-left box-style- color-scheme- wd-bg-none wd-items-top vc_custom_1767794959614\">\n\t\t\t\t\t\t\t\t\t\t\t<div class=\"box-icon-wrapper  box-with-icon box-icon-simple\">\n\t\t\t\t\t\t\t<div class=\"info-box-icon\">\n\t\t\t\t\t\t\t\t<img loading=\"lazy\" decoding=\"async\" width=\"300\" height=\"300\" src=\"https:\/\/casana.nl\/wp-content\/uploads\/2026\/01\/Casana-Isabelle.jpg\" class=\"attachment-300x300 size-300x300\" alt=\"\" srcset=\"https:\/\/casana.nl\/wp-content\/uploads\/2026\/01\/Casana-Isabelle.jpg 300w, https:\/\/casana.nl\/wp-content\/uploads\/2026\/01\/Casana-Isabelle-150x150.jpg 150w\" sizes=\"auto, (max-width: 300px) 100vw, 300px\" \/>\t\t\t\t\t\t\t<\/div>\n\t\t\t\t\t\t<\/div>\n\t\t\t\t\t\t\t\t\t\t<div class=\"info-box-content\">\n\t\t\t\t\t\t\t\t\t\t\t\t<div class=\"info-box-inner reset-last-child\"><p><span style=\"color: #333333;\"><strong>Isabelle Maciejewski <\/strong><\/span><br \/>\n<em>Ventas \/ Servicios<\/em><\/p>\n<p><a href=\"tel:+34660275248\">+34 660275248<\/a><\/p>\n<p><i class=\"fa fa-envelope-o display-inline\"><\/i>&nbsp;<a href=\"mailto:ventes@casana.nl\">ventes@casana.nl<\/a><br \/>\n<img loading=\"lazy\" decoding=\"async\" src=\"https:\/\/casana.nl\/wp-content\/plugins\/sitepress-multilingual-cms\/res\/flags\/es.png\" width=\"18\" height=\"12\"> <img loading=\"lazy\" decoding=\"async\" src=\"https:\/\/casana.nl\/wp-content\/plugins\/sitepress-multilingual-cms\/res\/flags\/fr.png\" width=\"18\" height=\"12\"><\/p>\n<p>&nbsp;<\/p>\n<\/div>\n\n\t\t\t\t\t\t\t\t\t\t\t<\/div>\n\n\t\t\t\t\t\n\t\t\t\t\t\t\t\t\t<\/div>\n\t\t\t<\/div>\n\t\t\t\t\t<div class=\"info-box-wrapper\">\n\t\t\t\t<div id=\"wd-695e69124d4be\" class=\" wd-rs-695e69124d4be wd-info-box wd-wpb text-left box-icon-align-left box-style- color-scheme- wd-bg-none wd-items-top vc_custom_1767794970622\">\n\t\t\t\t\t\t\t\t\t\t\t<div class=\"box-icon-wrapper  box-with-icon box-icon-simple\">\n\t\t\t\t\t\t\t<div class=\"info-box-icon\">\n\t\t\t\t\t\t\t\t<img loading=\"lazy\" decoding=\"async\" width=\"300\" height=\"300\" src=\"https:\/\/casana.nl\/wp-content\/uploads\/2026\/01\/Casana-Danny.jpg\" class=\"attachment-300x300 size-300x300\" alt=\"\" srcset=\"https:\/\/casana.nl\/wp-content\/uploads\/2026\/01\/Casana-Danny.jpg 300w, https:\/\/casana.nl\/wp-content\/uploads\/2026\/01\/Casana-Danny-150x150.jpg 150w\" sizes=\"auto, (max-width: 300px) 100vw, 300px\" \/>\t\t\t\t\t\t\t<\/div>\n\t\t\t\t\t\t<\/div>\n\t\t\t\t\t\t\t\t\t\t<div class=\"info-box-content\">\n\t\t\t\t\t\t\t\t\t\t\t\t<div class=\"info-box-inner reset-last-child\"><p>Danny Cleynhens<\/p>\n<p><em>Sales \/ Support<\/em><\/p>\n<p><i class=\"fa fa-envelope-o\"><\/i>&nbsp;sales@casana.nl<br \/>\n<img loading=\"lazy\" decoding=\"async\" src=\"https:\/\/casana.nl\/wp-content\/plugins\/sitepress-multilingual-cms\/res\/flags\/nl.png\" alt=\"Nederlands\" width=\"18\" height=\"12\"> <img loading=\"lazy\" decoding=\"async\" src=\"https:\/\/casana.nl\/wp-content\/plugins\/sitepress-multilingual-cms\/res\/flags\/es.png\" alt=\"Spaans\" width=\"18\" height=\"12\"> <img loading=\"lazy\" decoding=\"async\" src=\"https:\/\/casana.nl\/wp-content\/plugins\/sitepress-multilingual-cms\/res\/flags\/fr.png\" alt=\"Frans\" width=\"18\" height=\"12\"> <img loading=\"lazy\" decoding=\"async\" src=\"https:\/\/casana.nl\/wp-content\/plugins\/sitepress-multilingual-cms\/res\/flags\/en.png\" alt=\"Engels\" width=\"18\" height=\"12\"> <img loading=\"lazy\" decoding=\"async\" src=\"https:\/\/casana.nl\/wp-content\/plugins\/sitepress-multilingual-cms\/res\/flags\/de.png\" alt=\"Duits\" width=\"18\" height=\"12\"> <img loading=\"lazy\" decoding=\"async\" src=\"https:\/\/casana.nl\/wp-content\/plugins\/sitepress-multilingual-cms\/res\/flags\/be.png\" alt=\"Belgisch\" width=\"18\" height=\"12\"><\/p>\n<p>&nbsp;<\/p>\n<p>&nbsp;<\/p>\n<\/div>\n\n\t\t\t\t\t\t\t\t\t\t\t<\/div>\n\n\t\t\t\t\t\n\t\t\t\t\t\t\t\t\t<\/div>\n\t\t\t<\/div>\n\t\t[\/vc_column_inner][\/vc_row_inner][vc_separator css=\u00bb.vc_custom_1484254145420{margin-bottom: 30px !important;}\u00bb][\/vc_column][\/vc_row][vc_row full_width=\u00bbstretch_row\u00bb woodmart_bg_position=\u00bbcenter-top\u00bb css=\u00bb.vc_custom_1615883194083{margin-bottom: -40px !important;background-position: center !important;background-repeat: no-repeat !important;background-size: cover !important;}\u00bb mobile_bg_img_hidden=\u00bbno\u00bb tablet_bg_img_hidden=\u00bbno\u00bb woodmart_parallax=\u00bb0&#8243; woodmart_gradient_switch=\u00bbno\u00bb row_reverse_mobile=\u00bb0&#8243; row_reverse_tablet=\u00bb0&#8243; woodmart_disable_overflow=\u00bb0&#8243;][vc_column mobile_bg_img_hidden=\u00bbno\u00bb tablet_bg_img_hidden=\u00bbno\u00bb woodmart_parallax=\u00bb0&#8243; woodmart_sticky_column=\u00bbfalse\u00bb parallax_scroll=\u00bbno\u00bb mobile_reset_margin=\u00bbno\u00bb tablet_reset_margin=\u00bbno\u00bb][vc_empty_space height=\u00bb35px\u00bb woodmart_hide_large=\u00bb0&#8243; woodmart_hide_medium=\u00bb0&#8243; woodmart_hide_small=\u00bb0&#8243; woodmart_hide_extra_small=\u00bb0&#8243; el_class=\u00bbvc_hidden-xs vc_hidden-sm\u00bb]\n\t\t<div id=\"wd-6039148599bee\" class=\"title-wrapper wd-wpb wd-set-mb reset-last-child  wd-rs-6039148599bee wd-title-color-primary wd-title-style-simple text-center vc_custom_1614353557166 wd-underline-colored\">\n\t\t\t\n\t\t\t<div class=\"liner-continer\">\n\t\t\t\t<h4 class=\"woodmart-title-container title  wd-font-weight-500 wd-fontsize-l\" >Comentarios<\/h4>\n\t\t\t\t\t\t\t<\/div>\n\t\t\t\n\t\t\t\n\t\t\t\n\t\t<\/div>\n\t\t\n\t\t[vc_empty_space height=\u00bb10px\u00bb woodmart_hide_large=\u00bb0&#8243; woodmart_hide_medium=\u00bb0&#8243; woodmart_hide_small=\u00bb0&#8243; woodmart_hide_extra_small=\u00bb0&#8243; el_class=\u00bbvc_hidden-xs vc_hidden-sm\u00bb][\/vc_column][vc_column woodmart_color_scheme=\u00bbdark\u00bb css=\u00bb.vc_custom_1612961384616{padding-top: 0px !important;}\u00bb mobile_bg_img_hidden=\u00bbno\u00bb tablet_bg_img_hidden=\u00bbno\u00bb woodmart_parallax=\u00bb0&#8243; woodmart_sticky_column=\u00bbfalse\u00bb parallax_scroll=\u00bbno\u00bb mobile_reset_margin=\u00bbno\u00bb tablet_reset_margin=\u00bbno\u00bb]\t\t\t<div id=\"wd-69f3443142b91\" class=\"testimonials testimon-style-standard color-scheme-  testimon-align-center testimon-with-rating  wd-wpb\">\n\t\t\t\t\n\t\t\t\t\t\t\t\t<div class=\" wd-grid-g\"  style=\"--wd-col-lg:3;--wd-col-md:3;--wd-col-sm:1;--wd-gap-lg:30px;--wd-gap-sm:10px;\">\n\t\t\t\t\t\n\t\t\t\t\t\n<div class=\"testimonial wd-col\">\n\t<div class=\"testimonial-inner\">\n\t\t\t\t\t<div class=\"testimonial-avatar\">\n\t\t\t\t<img loading=\"lazy\" decoding=\"async\" width=\"100\" height=\"100\" src=\"https:\/\/casana.nl\/wp-content\/uploads\/2017\/06\/wood-testimonials-placeholder.jpg\" class=\"testimonial-avatar-image\" alt=\"\" \/>\t\t\t<\/div>\n\t\t\n\t\t<div class=\"testimonial-content\">\n\t\t\t<div class=\"testimonial-rating\">\n\t\t\t\t<span class=\"star-rating\">\n\t\t\t\t\t<span style=\"width:100%\"><\/span>\n\t\t\t\t<\/span>\n\t\t\t<\/div>\n\n\t\t\tNuestra estancia en la casa del espa\u00f1ol, ha sido de nuestro agrado. La casa esta en perfectas condiciones y con una decoraci\u00f3n muy acertada, la piscina esta muy limpia y cuidada. Hemos disfrutado de la terraza, que es estupenda. Lo \u00fanico negativo es que en la casa hay bastantes objetos personales de los due\u00f1os, lo que nos ha molestado un poco, nos gusta encontrar la casa totalmente libre, para hacer m\u00e1s personal el alojamiento.\n\t\t\t<footer>\n\t\t\t\tAn\u00f3nimo\n\t\t\t\t\t\t\t<\/footer>\n\t\t<\/div>\n\t<\/div>\n<\/div>\n<div class=\"testimonial wd-col\">\n\t<div class=\"testimonial-inner\">\n\t\t\t\t\t<div class=\"testimonial-avatar\">\n\t\t\t\t<img loading=\"lazy\" decoding=\"async\" width=\"100\" height=\"100\" src=\"https:\/\/casana.nl\/wp-content\/uploads\/2017\/06\/wood-testimonials-placeholder.jpg\" class=\"testimonial-avatar-image\" alt=\"\" \/>\t\t\t<\/div>\n\t\t\n\t\t<div class=\"testimonial-content\">\n\t\t\t<div class=\"testimonial-rating\">\n\t\t\t\t<span class=\"star-rating\">\n\t\t\t\t\t<span style=\"width:100%\"><\/span>\n\t\t\t\t<\/span>\n\t\t\t<\/div>\n\n\t\t\tQuer\u00edamos transmitir Raquel y yo que estamos super contentos y felices de haber trabajado con ustedes, una empresa seria y profesional, que nos a ayudado mucho y m\u00e1s que no ten\u00edamos experiencia a la hora de comprar una casa. Recomiendo CASA\u00d1A INMOBILIARIA, en nuestro caso a sido comprar pero si ninguna duda tambi\u00e9n para vender, por c\u00f3mo te explican y se involucran con sus clientes. Nivel de Satisfacci\u00f3n \u201d SOBRESALIENTE\u201d.\n\t\t\t<footer>\n\t\t\t\tJoaquin Antonio Rubio Guerrero\n\t\t\t\t\t\t\t<\/footer>\n\t\t<\/div>\n\t<\/div>\n<\/div>\n<div class=\"testimonial wd-col\">\n\t<div class=\"testimonial-inner\">\n\t\t\t\t\t<div class=\"testimonial-avatar\">\n\t\t\t\t<img loading=\"lazy\" decoding=\"async\" width=\"100\" height=\"100\" src=\"https:\/\/casana.nl\/wp-content\/uploads\/2017\/06\/wood-testimonials-placeholder.jpg\" class=\"testimonial-avatar-image\" alt=\"\" \/>\t\t\t<\/div>\n\t\t\n\t\t<div class=\"testimonial-content\">\n\t\t\t<div class=\"testimonial-rating\">\n\t\t\t\t<span class=\"star-rating\">\n\t\t\t\t\t<span style=\"width:100%\"><\/span>\n\t\t\t\t<\/span>\n\t\t\t<\/div>\n\n\t\t\tHe aqu\u00ed un resumen de nuestra estancia en la villa de Mazarr\u00f3n Antojo. Janny nos sentimos muy bienvenidos y la casa cumpli\u00f3 nuestras expectativas. Pasamos unas vacaciones maravillosas soleado, tranquilo, en una. Agradable y bien equipado. En conclusi\u00f3n, recomendamos este lugar a amigos y volveremos a confiar en el sitio \u201cCasana\u201d. Gracias por los clientes de seguimiento.\n\t\t\t<footer>\n\t\t\t\tFam. Didier\n\t\t\t\t\t\t\t<\/footer>\n\t\t<\/div>\n\t<\/div>\n<\/div>\n\t\t\t\t\t\t\t\t\t<\/div>\n\n\t\t\t\t\t\t\t<\/div>\n\t\t[vc_empty_space height=\u00bb35px\u00bb woodmart_hide_large=\u00bb0&#8243; woodmart_hide_medium=\u00bb0&#8243; woodmart_hide_small=\u00bb0&#8243; woodmart_hide_extra_small=\u00bb0&#8243; el_class=\u00bbvc_hidden-xs vc_hidden-sm\u00bb][\/vc_column][\/vc_row]<\/p>\n<\/div>","protected":false},"excerpt":{"rendered":"<p>[vc_row][vc_column][vc_custom_heading text=\u00bbSu agente inmobiliario de confianza durante casi 20 a\u00f1os en la Costa C\u00e1lida.\u00bb font_container=\u00bbtag:p|font_size:22|text_align:left|color:%238e8e8e\u00bb google_fonts=\u00bbfont_family:Lato%3A100%2C100italic%2C300%2C300italic%2Cregular%2Citalic%2C700%2C700italic%2C900%2C900italic|font_style:400%20italic%3A400%3Aitalic\u00bb css=\u00bb\u00bb][\/vc_column][\/vc_row][vc_row equal_height=\u00bbyes\u00bb css_animation=\u00bbfadeIn\u00bb css=\u00bb.vc_custom_1496931930911{margin-right:<\/p>\n","protected":false},"author":11,"featured_media":0,"parent":5249,"menu_order":0,"comment_status":"closed","ping_status":"closed","template":"","meta":{"_acf_changed":false,"ngg_post_thumbnail":0,"footnotes":""},"class_list":["post-38033","page","type-page","status-publish","hentry"],"acf":[],"_links":{"self":[{"href":"https:\/\/casana.nl\/es\/wp-json\/wp\/v2\/pages\/38033","targetHints":{"allow":["GET"]}}],"collection":[{"href":"https:\/\/casana.nl\/es\/wp-json\/wp\/v2\/pages"}],"about":[{"href":"https:\/\/casana.nl\/es\/wp-json\/wp\/v2\/types\/page"}],"author":[{"embeddable":true,"href":"https:\/\/casana.nl\/es\/wp-json\/wp\/v2\/users\/11"}],"replies":[{"embeddable":true,"href":"https:\/\/casana.nl\/es\/wp-json\/wp\/v2\/comments?post=38033"}],"version-history":[{"count":37,"href":"https:\/\/casana.nl\/es\/wp-json\/wp\/v2\/pages\/38033\/revisions"}],"predecessor-version":[{"id":66184,"href":"https:\/\/casana.nl\/es\/wp-json\/wp\/v2\/pages\/38033\/revisions\/66184"}],"up":[{"embeddable":true,"href":"https:\/\/casana.nl\/es\/wp-json\/wp\/v2\/pages\/5249"}],"wp:attachment":[{"href":"https:\/\/casana.nl\/es\/wp-json\/wp\/v2\/media?parent=38033"}],"curies":[{"name":"wp","href":"https:\/\/api.w.org\/{rel}","templated":true}]}}