{"id":38030,"date":"2021-02-26T08:49:14","date_gmt":"2021-02-26T07:49:14","guid":{"rendered":"https:\/\/casana.skyberatedev.nl\/?page_id=38030"},"modified":"2021-03-17T13:50:26","modified_gmt":"2021-03-17T12:50:26","slug":"totana","status":"publish","type":"page","link":"https:\/\/casana.nl\/es\/zona\/totana\/","title":{"rendered":"Totana"},"content":{"rendered":"<div class=\"wpb-content-wrapper\"><p>[vc_row full_width=\u00bbstretch_row_content\u00bb content_placement=\u00bbmiddle\u00bb css=\u00bb.vc_custom_1532435533693{padding-right: 15px !important;padding-left: 15px !important;}\u00bb][vc_column scroll_x=\u00bb0&#8243; scroll_y=\u00bb20&#8243; scroll_z=\u00bb0&#8243; parallax_scroll=\u00bbyes\u00bb css=\u00bb.vc_custom_1612520920260{margin-right: 80px !important;padding-top: 40px !important;padding-bottom: 25px !important;background-color: #f1ecdd !important;}\u00bb offset=\u00bbvc_col-lg-6 vc_col-md-6&#8243; el_class=\u00bbreset-margin\u00bb mobile_bg_img_hidden=\u00bbno\u00bb tablet_bg_img_hidden=\u00bbno\u00bb woodmart_parallax=\u00bb0&#8243; woodmart_sticky_column=\u00bbfalse\u00bb mobile_reset_margin=\u00bbno\u00bb tablet_reset_margin=\u00bbno\u00bb][vc_single_image image=\u00bb38933&#8243; img_size=\u00bb750&#215;500&#8243; alignment=\u00bbright\u00bb scroll_x=\u00bb0&#8243; scroll_y=\u00bb-30&#8243; scroll_z=\u00bb0&#8243; parallax_scroll=\u00bbyes\u00bb css=\u00bb.vc_custom_1615985415834{margin-right: -120px !important;margin-bottom: -30px !important;}\u00bb el_class=\u00bbreset-element-margin\u00bb][vc_empty_space height=\u00bb30px\u00bb woodmart_hide_large=\u00bb1&#8243;][\/vc_column][vc_column scroll_x=\u00bb0&#8243; scroll_y=\u00bb20&#8243; scroll_z=\u00bb0&#8243; parallax_scroll=\u00bbyes\u00bb css=\u00bb.vc_custom_1532436127608{margin-left: 65px !important;padding-top: 4vh !important;padding-bottom: 4vh !important;}\u00bb offset=\u00bbvc_col-lg-5 vc_col-md-6&#8243; el_class=\u00bbreset-margin\u00bb]\t\t\t<div id=\"wd-6038a7ae91aca\" class=\"wd-text-block-wrapper wd-wpb wd-rs-6038a7ae91aca color-scheme-dark text-left \">\n\t\t\t\t<div class=\"woodmart-title-container woodmart-text-block reset-last-child font-primary wd-font-weight-400 \">\n\t\t\t\t\tOfrecimiento\t\t\t\t<\/div>\n\n\t\t\t\t\t\t\t<\/div>\n\t\t\t\t\t<div id=\"wd-6038a7b84ccd1\" class=\"wd-text-block-wrapper wd-wpb wd-rs-6038a7b84ccd1 color-scheme- text-left \">\n\t\t\t\t<div class=\"woodmart-title-container woodmart-text-block reset-last-child font-text wd-font-weight-400 \">\n\t\t\t\t\tEn la web, tambi\u00e9n encontrar\u00e1 casas hermosas, acogedoras casas rurales de espa\u00f1oles, villas de lujo y terrenos en la zona de Totana.<br \/>\nLas casas en los alrededores del \u00e1rea natural por lo general tienen una parcela&nbsp; m\u00ednima de 2.500m2.<br \/>\nLe guiaremos a la zona, en busca de un restaurante barato o la construcci\u00f3n de la casa de sus sue\u00f1os.\t\t\t\t<\/div>\n\n\t\t\t\t\t\t\t<\/div>\n\t\t[\/vc_column][\/vc_row][vc_row full_width=\u00bbstretch_row_content\u00bb content_placement=\u00bbmiddle\u00bb row_reverse_mobile=\u00bb1&#8243; row_reverse_tablet=\u00bb1&#8243; css=\u00bb.vc_custom_1532435536839{padding-right: 15px !important;padding-left: 15px !important;}\u00bb][vc_column scroll_x=\u00bb0&#8243; scroll_y=\u00bb20&#8243; scroll_z=\u00bb0&#8243; woodmart_text_align=\u00bbright\u00bb parallax_scroll=\u00bbyes\u00bb css=\u00bb.vc_custom_1532434568101{margin-right: 65px !important;padding-top: 4vh !important;padding-bottom: 4vh !important;}\u00bb offset=\u00bbvc_col-lg-offset-1 vc_col-lg-5 vc_col-md-6&#8243; el_class=\u00bbreset-margin\u00bb]\t\t\t<div id=\"wd-6038a7bed15b9\" class=\"wd-text-block-wrapper wd-wpb wd-rs-6038a7bed15b9 color-scheme-dark text-right wd-width-enabled \" style=\"--wd-max-width: 90%;\">\n\t\t\t\t<div class=\"woodmart-title-container woodmart-text-block reset-last-child font-primary wd-font-weight-400 \">\n\t\t\t\t\tParcelas\t\t\t\t<\/div>\n\n\t\t\t\t\t\t\t<\/div>\n\t\t\t\t\t<div id=\"wd-6038a7c5a9cc8\" class=\"wd-text-block-wrapper wd-wpb wd-rs-6038a7c5a9cc8 color-scheme- text-right \">\n\t\t\t\t<div class=\"woodmart-title-container woodmart-text-block reset-last-child font-text wd-font-weight-400 \">\n\t\t\t\t\tJunto a las viviendas existentes, tambi\u00e9n ofrecemos diferentes proyectos&nbsp; para que usted pueda realizar la casa de sus sue\u00f1os.<br \/>\nNosotros le ayudamos en el apoyo a este proceso.<br \/>\nDespu\u00e9s de a\u00f1os de conocimiento y experiencia en esta \u00e1rea estamos trabajando con arquitectos locales y constructores profesionales.\t\t\t\t<\/div>\n\n\t\t\t\t\t\t\t<\/div>\n\t\t[\/vc_column][vc_column scroll_x=\u00bb0&#8243; scroll_y=\u00bb20&#8243; scroll_z=\u00bb0&#8243; parallax_scroll=\u00bbyes\u00bb css=\u00bb.vc_custom_1612520927955{margin-left: 80px !important;padding-top: 0px !important;background-color: #f1ecdd !important;}\u00bb offset=\u00bbvc_col-lg-6 vc_col-md-6&#8243; el_class=\u00bbreset-margin\u00bb woodmart_parallax=\u00bb0&#8243; woodmart_sticky_column=\u00bbfalse\u00bb mobile_bg_img_hidden=\u00bbno\u00bb tablet_bg_img_hidden=\u00bbno\u00bb mobile_reset_margin=\u00bbno\u00bb tablet_reset_margin=\u00bbno\u00bb][vc_single_image image=\u00bb38921&#8243; img_size=\u00bb750&#215;500&#8243; scroll_x=\u00bb0&#8243; scroll_y=\u00bb-30&#8243; scroll_z=\u00bb0&#8243; parallax_scroll=\u00bbyes\u00bb css=\u00bb.vc_custom_1615985423700{margin-bottom: -30px !important;margin-left: -120px !important;padding-top: 40px !important;padding-bottom: 25px !important;}\u00bb el_class=\u00bbreset-element-margin\u00bb][vc_empty_space height=\u00bb30px\u00bb woodmart_hide_large=\u00bb1&#8243;][\/vc_column][\/vc_row][vc_row full_width=\u00bbstretch_row_content\u00bb content_placement=\u00bbmiddle\u00bb css=\u00bb.vc_custom_1532435553384{margin-bottom: 4vh !important;padding-right: 15px !important;padding-left: 15px !important;}\u00bb][vc_column css=\u00bb.vc_custom_1612520936333{margin-right: 80px !important;padding-top: 0px !important;background-color: #f1ecdd !important;}\u00bb offset=\u00bbvc_col-lg-6 vc_col-md-6&#8243; el_class=\u00bbreset-margin\u00bb mobile_bg_img_hidden=\u00bbno\u00bb tablet_bg_img_hidden=\u00bbno\u00bb woodmart_parallax=\u00bb0&#8243; woodmart_sticky_column=\u00bbfalse\u00bb parallax_scroll=\u00bbno\u00bb mobile_reset_margin=\u00bbno\u00bb tablet_reset_margin=\u00bbno\u00bb][vc_single_image image=\u00bb38929&#8243; img_size=\u00bb750&#215;500&#8243; alignment=\u00bbright\u00bb scroll_x=\u00bb0&#8243; scroll_y=\u00bb-30&#8243; scroll_z=\u00bb0&#8243; parallax_scroll=\u00bbyes\u00bb css=\u00bb.vc_custom_1615478282238{margin-right: -120px !important;margin-bottom: -30px !important;padding-top: 40px !important;padding-bottom: 25px !important;}\u00bb el_class=\u00bbreset-element-margin\u00bb][vc_empty_space height=\u00bb30px\u00bb woodmart_hide_large=\u00bb1&#8243;][\/vc_column][vc_column scroll_x=\u00bb0&#8243; scroll_y=\u00bb20&#8243; scroll_z=\u00bb0&#8243; parallax_scroll=\u00bbyes\u00bb css=\u00bb.vc_custom_1532436698832{margin-left: 65px !important;padding-top: 4vh !important;padding-bottom: 4vh !important;}\u00bb offset=\u00bbvc_col-lg-5 vc_col-md-6&#8243; el_class=\u00bbreset-margin\u00bb]\t\t\t<div id=\"wd-6038a7cbe153c\" class=\"wd-text-block-wrapper wd-wpb wd-rs-6038a7cbe153c color-scheme-dark text-left \">\n\t\t\t\t<div class=\"woodmart-title-container woodmart-text-block reset-last-child font-primary wd-font-weight-400 \">\n\t\t\t\t\tTotana\t\t\t\t<\/div>\n\n\t\t\t\t\t\t\t<\/div>\n\t\t\t\t\t<div id=\"wd-6038a7d3c9d11\" class=\"wd-text-block-wrapper wd-wpb wd-rs-6038a7d3c9d11 color-scheme- text-left \">\n\t\t\t\t<div class=\"woodmart-title-container woodmart-text-block reset-last-child font-text wd-font-weight-400 \">\n\t\t\t\t\tTotana es un pueblo espa\u00f1ol muy t\u00edpico con mucha de la cultura espa\u00f1ola y buen&nbsp; gusto.<br \/>\nTotana se encuentra a los pies de Sierra Espu\u00f1a&nbsp; y est\u00e1 a 30 minutos en coche de la costa, con muchos recursos en la encantadora Costa C\u00e1lida.<br \/>\nEl pueblo es m\u00e1s conocido por su vida atmosf\u00e9rica, donde encontrar\u00e1 muchas fiestas tradicionales espa\u00f1olas y su divertido gran mercado cada miercoles .<br \/>\nAdem\u00e1s, encontrar\u00e1 agradables sitios para comprar y poder tomar deliciosas tapas espa\u00f1olas.\t\t\t\t<\/div>\n\n\t\t\t\t\t\t\t<\/div>\n\t\t[\/vc_column][\/vc_row][vc_row full_width=\u00bbstretch_row_content\u00bb content_placement=\u00bbmiddle\u00bb row_reverse_mobile=\u00bb1&#8243; row_reverse_tablet=\u00bb1&#8243; css=\u00bb.vc_custom_1532435536839{padding-right: 15px !important;padding-left: 15px !important;}\u00bb][vc_column scroll_x=\u00bb0&#8243; scroll_y=\u00bb20&#8243; scroll_z=\u00bb0&#8243; woodmart_text_align=\u00bbright\u00bb parallax_scroll=\u00bbyes\u00bb css=\u00bb.vc_custom_1532434568101{margin-right: 65px !important;padding-top: 4vh !important;padding-bottom: 4vh !important;}\u00bb offset=\u00bbvc_col-lg-offset-1 vc_col-lg-5 vc_col-md-6&#8243; el_class=\u00bbreset-margin\u00bb]\t\t\t<div id=\"wd-6038a7dc06a50\" class=\"wd-text-block-wrapper wd-wpb wd-rs-6038a7dc06a50 color-scheme-dark text-right wd-width-enabled \" style=\"--wd-max-width: 90%;\">\n\t\t\t\t<div class=\"woodmart-title-container woodmart-text-block reset-last-child font-primary wd-font-weight-400 \">\n\t\t\t\t\tSierra Espu\u00f1a\t\t\t\t<\/div>\n\n\t\t\t\t\t\t\t<\/div>\n\t\t\t\t\t<div id=\"wd-6038a7e39270e\" class=\"wd-text-block-wrapper wd-wpb wd-rs-6038a7e39270e color-scheme- text-right \">\n\t\t\t\t<div class=\"woodmart-title-container woodmart-text-block reset-last-child font-text wd-font-weight-400 \">\n\t\t\t\t\tSierra Espu\u00f1a es un gran parque nacional, donde se puede disfrutar del aire libre y la hermosa naturaleza.<br \/>\nEn coche, bicicleta o a pie,podr\u00e1 disfrutar de diferentes rutas en la zona con muchas sorpresas.<br \/>\nEjemplo, usted puede visitar varias cuevas, manantiales, en el camino te encontrar\u00e1s con la flora y fauna m\u00e1s hermosa.<br \/>\nLa oficina de turismo en el convento de La Santa ofrece mapas con rutas a trav\u00e9s de la iniciativa de Sierra Espu\u00f1a.\t\t\t\t<\/div>\n\n\t\t\t\t\t\t\t<\/div>\n\t\t[\/vc_column][vc_column scroll_x=\u00bb0&#8243; scroll_y=\u00bb20&#8243; scroll_z=\u00bb0&#8243; parallax_scroll=\u00bbyes\u00bb css=\u00bb.vc_custom_1612520945209{margin-left: 80px !important;padding-top: 0px !important;background-color: #f1ecdd !important;}\u00bb offset=\u00bbvc_col-lg-6 vc_col-md-6&#8243; el_class=\u00bbreset-margin\u00bb woodmart_parallax=\u00bb0&#8243; woodmart_sticky_column=\u00bbfalse\u00bb mobile_bg_img_hidden=\u00bbno\u00bb tablet_bg_img_hidden=\u00bbno\u00bb mobile_reset_margin=\u00bbno\u00bb tablet_reset_margin=\u00bbno\u00bb][vc_single_image image=\u00bb38925&#8243; img_size=\u00bb750&#215;500&#8243; scroll_x=\u00bb0&#8243; scroll_y=\u00bb-30&#8243; scroll_z=\u00bb0&#8243; parallax_scroll=\u00bbyes\u00bb css=\u00bb.vc_custom_1615478290121{margin-bottom: -30px !important;margin-left: -120px !important;padding-top: 40px !important;padding-bottom: 25px !important;}\u00bb el_class=\u00bbreset-element-margin\u00bb][vc_empty_space height=\u00bb30px\u00bb woodmart_hide_large=\u00bb1&#8243;][\/vc_column][\/vc_row][vc_row full_width=\u00bbstretch_row_content\u00bb content_placement=\u00bbmiddle\u00bb css=\u00bb.vc_custom_1532435553384{margin-bottom: 4vh !important;padding-right: 15px !important;padding-left: 15px !important;}\u00bb][vc_column css=\u00bb.vc_custom_1612520953702{margin-right: 80px !important;padding-top: 0px !important;background-color: #f1ecdd !important;}\u00bb offset=\u00bbvc_col-lg-6 vc_col-md-6&#8243; el_class=\u00bbreset-margin\u00bb mobile_bg_img_hidden=\u00bbno\u00bb tablet_bg_img_hidden=\u00bbno\u00bb woodmart_parallax=\u00bb0&#8243; woodmart_sticky_column=\u00bbfalse\u00bb parallax_scroll=\u00bbno\u00bb mobile_reset_margin=\u00bbno\u00bb tablet_reset_margin=\u00bbno\u00bb][vc_single_image image=\u00bb38937&#8243; img_size=\u00bb750&#215;500&#8243; alignment=\u00bbright\u00bb scroll_x=\u00bb0&#8243; scroll_y=\u00bb-30&#8243; scroll_z=\u00bb0&#8243; parallax_scroll=\u00bbyes\u00bb css=\u00bb.vc_custom_1615985405012{margin-right: -120px !important;margin-bottom: -30px !important;padding-top: 40px !important;padding-bottom: 25px !important;}\u00bb el_class=\u00bbreset-element-margin\u00bb][vc_empty_space height=\u00bb30px\u00bb woodmart_hide_large=\u00bb1&#8243;][\/vc_column][vc_column scroll_x=\u00bb0&#8243; scroll_y=\u00bb20&#8243; scroll_z=\u00bb0&#8243; parallax_scroll=\u00bbyes\u00bb css=\u00bb.vc_custom_1532436698832{margin-left: 65px !important;padding-top: 4vh !important;padding-bottom: 4vh !important;}\u00bb offset=\u00bbvc_col-lg-5 vc_col-md-6&#8243; el_class=\u00bbreset-margin\u00bb]\t\t\t<div id=\"wd-6038a7ea9a4dc\" class=\"wd-text-block-wrapper wd-wpb wd-rs-6038a7ea9a4dc color-scheme-dark text-left \">\n\t\t\t\t<div class=\"woodmart-title-container woodmart-text-block reset-last-child font-primary wd-font-weight-400 \">\n\t\t\t\t\tAlrededores\t\t\t\t<\/div>\n\n\t\t\t\t\t\t\t<\/div>\n\t\t\t\t\t<div id=\"wd-6038a7f10bd50\" class=\"wd-text-block-wrapper wd-wpb wd-rs-6038a7f10bd50 color-scheme- text-left \">\n\t\t\t\t<div class=\"woodmart-title-container woodmart-text-block reset-last-child font-text wd-font-weight-400 \">\n\t\t\t\t\tEn los alrededores hay&nbsp; diferentes pueblos y ciudades.<br \/>\nEstrat\u00e9gicamente situado en el valle del Guadalent\u00edn encontrar\u00e1 el hermoso pueblo de Aledo, rico en tradiciones y cer\u00e1mica. Sin embargo usted puede experimentar el arte antiguo de Aledo y el uso de los recursos naturales locales.<br \/>\nLorca es un municipio espa\u00f1ol de la Regi\u00f3n de Murcia situado en el sureste de la Peninsula Iberica. Es la tercera poblaci\u00f3n en importancia de la Regi\u00f3n de Murcia, con 91.906 habitantes (INE&nbsp; 2009), despu\u00e9s de Murcia y Cartagena.<br \/>\nLorca es conocida por su Castillo, su arquitectura barroca y sus procesiones de Semana Santa, declaradas como Fiesta de Inter\u00e9s Tur\u00edstico Internacional.<br \/>\nAdem\u00e1s de la hermosa historia de la ciudad encontrar\u00e1 tambi\u00e9n animadas calles de tiendas y un gran centro comercial.\t\t\t\t<\/div>\n\n\t\t\t\t\t\t\t<\/div>\n\t\t[\/vc_column][\/vc_row]<\/p>\n<\/div>","protected":false},"excerpt":{"rendered":"<p>[vc_row full_width=\u00bbstretch_row_content\u00bb content_placement=\u00bbmiddle\u00bb css=\u00bb.vc_custom_1532435533693{padding-right: 15px !important;padding-left: 15px !important;}\u00bb][vc_column scroll_x=\u00bb0&#8243; scroll_y=\u00bb20&#8243; scroll_z=\u00bb0&#8243; parallax_scroll=\u00bbyes\u00bb css=\u00bb.vc_custom_1612520920260{margin-right: 80px !important;padding-top: 40px !important;padding-bottom: 25px !important;background-color: #f1ecdd<\/p>\n","protected":false},"author":11,"featured_media":0,"parent":38018,"menu_order":0,"comment_status":"closed","ping_status":"closed","template":"","meta":{"_acf_changed":false,"ngg_post_thumbnail":0,"footnotes":""},"class_list":["post-38030","page","type-page","status-publish","hentry"],"acf":[],"_links":{"self":[{"href":"https:\/\/casana.nl\/es\/wp-json\/wp\/v2\/pages\/38030","targetHints":{"allow":["GET"]}}],"collection":[{"href":"https:\/\/casana.nl\/es\/wp-json\/wp\/v2\/pages"}],"about":[{"href":"https:\/\/casana.nl\/es\/wp-json\/wp\/v2\/types\/page"}],"author":[{"embeddable":true,"href":"https:\/\/casana.nl\/es\/wp-json\/wp\/v2\/users\/11"}],"replies":[{"embeddable":true,"href":"https:\/\/casana.nl\/es\/wp-json\/wp\/v2\/comments?post=38030"}],"version-history":[{"count":4,"href":"https:\/\/casana.nl\/es\/wp-json\/wp\/v2\/pages\/38030\/revisions"}],"predecessor-version":[{"id":39603,"href":"https:\/\/casana.nl\/es\/wp-json\/wp\/v2\/pages\/38030\/revisions\/39603"}],"up":[{"embeddable":true,"href":"https:\/\/casana.nl\/es\/wp-json\/wp\/v2\/pages\/38018"}],"wp:attachment":[{"href":"https:\/\/casana.nl\/es\/wp-json\/wp\/v2\/media?parent=38030"}],"curies":[{"name":"wp","href":"https:\/\/api.w.org\/{rel}","templated":true}]}}