{"id":68040,"date":"2026-03-12T10:20:01","date_gmt":"2026-03-12T09:20:01","guid":{"rendered":"https:\/\/casana.nl\/?post_type=product&#038;p=68040"},"modified":"2026-03-12T10:20:33","modified_gmt":"2026-03-12T09:20:33","slug":"new-build-semi-detached-villas-4-bedrooms-private-pool-in-aguilas","status":"publish","type":"product","link":"https:\/\/casana.nl\/en\/sale\/new-build-semi-detached-villas-4-bedrooms-private-pool-in-aguilas\/","title":{"rendered":"New build semi-detached villas 4 bedrooms private pool in Aguilas"},"content":{"rendered":"<p>Residencial Amaz\u00f3nico is an exclusive project of modern homes in \u00c1guilas, located in the Los Jardines residential area, one of the quietest and most sought-after areas of \u00c1guilas. This project offers contemporary semi-detached villas with 4 bedrooms and 3 bathrooms.<\/p>\n<p>The homes have a living area of \u200b\u200bapproximately 188m\u00b2. The ground floor features a spectacular open-plan living and dining area with large windows providing direct access to the 66m\u00b2 private garden with a private pool. The upper floors offer four spacious and bright bedrooms. The homes also include three full bathrooms with luxurious, modern, and functional finishes.<\/p>\n<p>Each home also features a large, functional kitchen, a private garden, a private pool, and a parking space, offering an exclusive lifestyle in a secure residential area. Residencial Amaz\u00f3nico offers a unique opportunity to purchase a brand-new home in \u00c1guilas, with a modern design, private pool, and spacious outdoor areas in one of the best residential areas on the Costa C\u00e1lida.<\/p>\n<p>Price from: \u20ac399.000,-<\/p>\n<p>\u00c1guilas, Murcia, offers numerous green spaces, schools, supermarkets, health centers, and all amenities just minutes away, as well as excellent access to the city center and major roads.<\/p>\n","protected":false},"excerpt":{"rendered":"<p>Residencial Amaz\u00f3nico is an exclusive project of modern homes in \u00c1guilas, located in the Los Jardines residential area, one of<\/p>\n","protected":false},"featured_media":68006,"template":"","meta":{"_acf_changed":false,"ngg_post_thumbnail":0},"product_brand":[],"product_cat":[142,67],"product_tag":[],"class_list":{"0":"post-68040","1":"product","2":"type-product","3":"status-publish","4":"has-post-thumbnail","6":"product_cat-newconstructions-en-en-en","7":"product_cat-villas-chalets-en-en-en-en","9":"first","10":"instock","11":"shipping-taxable","12":"purchasable","13":"product-type-simple"},"acf":[],"_links":{"self":[{"href":"https:\/\/casana.nl\/en\/wp-json\/wp\/v2\/product\/68040","targetHints":{"allow":["GET"]}}],"collection":[{"href":"https:\/\/casana.nl\/en\/wp-json\/wp\/v2\/product"}],"about":[{"href":"https:\/\/casana.nl\/en\/wp-json\/wp\/v2\/types\/product"}],"wp:featuredmedia":[{"embeddable":true,"href":"https:\/\/casana.nl\/en\/wp-json\/wp\/v2\/media\/68006"}],"wp:attachment":[{"href":"https:\/\/casana.nl\/en\/wp-json\/wp\/v2\/media?parent=68040"}],"wp:term":[{"taxonomy":"product_brand","embeddable":true,"href":"https:\/\/casana.nl\/en\/wp-json\/wp\/v2\/product_brand?post=68040"},{"taxonomy":"product_cat","embeddable":true,"href":"https:\/\/casana.nl\/en\/wp-json\/wp\/v2\/product_cat?post=68040"},{"taxonomy":"product_tag","embeddable":true,"href":"https:\/\/casana.nl\/en\/wp-json\/wp\/v2\/product_tag?post=68040"}],"curies":[{"name":"wp","href":"https:\/\/api.w.org\/{rel}","templated":true}]}}