{"id":38513,"date":"2021-03-03T16:42:16","date_gmt":"2021-03-03T15:42:16","guid":{"rendered":"https:\/\/casana.skyberatedev.nl\/verbouwbegeleiding\/"},"modified":"2024-04-10T18:24:03","modified_gmt":"2024-04-10T16:24:03","slug":"selling-your-property","status":"publish","type":"page","link":"https:\/\/casana.nl\/en\/selling-your-property\/","title":{"rendered":"Selling your property"},"content":{"rendered":"<p><img loading=\"lazy\" decoding=\"async\" class=\" wd-lazy-fade  wp-image-55585 alignleft\" src=\"https:\/\/casana.nl\/wp-content\/themes\/woodmart\/images\/lazy.svg\" data-src=\"https:\/\/casana.nl\/wp-content\/uploads\/2024\/04\/Oficina-Casana-MCC-551x456.jpg\" alt=\"\" width=\"287\" height=\"238\" srcset=\"\" data-srcset=\"https:\/\/casana.nl\/wp-content\/uploads\/2024\/04\/Oficina-Casana-MCC-551x456.jpg 551w, https:\/\/casana.nl\/wp-content\/uploads\/2024\/04\/Oficina-Casana-MCC-600x497.jpg 600w, https:\/\/casana.nl\/wp-content\/uploads\/2024\/04\/Oficina-Casana-MCC-150x124.jpg 150w, https:\/\/casana.nl\/wp-content\/uploads\/2024\/04\/Oficina-Casana-MCC-1024x847.jpg 1024w, https:\/\/casana.nl\/wp-content\/uploads\/2024\/04\/Oficina-Casana-MCC.jpg 1160w\" sizes=\"auto, (max-width: 287px) 100vw, 287px\" \/><\/p>\n<p>&nbsp;<\/p>\n<p>&nbsp;<\/p>\n<p>&nbsp;<\/p>\n<p>&nbsp;<\/p>\n<p>&nbsp;<\/p>\n<p>&nbsp;<\/p>\n<p>&nbsp;<\/p>\n<p>Dear homeowner,<span class=\"Apple-converted-space\">&nbsp;<\/span><\/p>\n<p>As you may know, Casa\u00f1a Mediterranean Housing has been active in our beautiful region for over more than 15 years and is based at the Mazarr\u00f3n Country Club.<\/p>\n<p>With Dutch roots, Casa\u00f1a has been fortunate enough to receive a constant flow of requests from customers showing their interest for our range of houses.<\/p>\n<p>Many of them have already found their way to Casa\u00f1a and bought a property or plot of land in the region of the Costa Calid\u00e1 with our professional guidance. Casa\u00f1a continues to develop and grows year after year, with an established name in our region, Spain and abroad.<\/p>\n<p><span class=\"Apple-converted-space\">&nbsp;<\/span>We would be very interested to be in contact with you, if you do decide to sell your property at the Mazarr\u00f3n Country Club or somewhere else in the region of the Costa Calida. We truly believe we can serve you with our professional knowledge, experience and eye for details during the entire sales process. We fully understand the importance of the quality and need of a perfect after sales service as well.<\/p>\n<p>Please follow us on our Social Media channels or drop by our office just above the Spar supermarket at the Mazarr\u00f3n Country Club.<\/p>\n<p>We have clients waiting to visit your property with our multilingual Casa\u00f1a team!<span class=\"Apple-converted-space\">&nbsp;<\/span><\/p>\n<p>&nbsp;<\/p>\n","protected":false},"excerpt":{"rendered":"<p>&nbsp; &nbsp; &nbsp; &nbsp; &nbsp; &nbsp; &nbsp; Dear homeowner,&nbsp; As you may know, Casa\u00f1a Mediterranean Housing has been active in<\/p>\n","protected":false},"author":11,"featured_media":0,"parent":0,"menu_order":0,"comment_status":"closed","ping_status":"closed","template":"","meta":{"_acf_changed":false,"ngg_post_thumbnail":0,"footnotes":""},"class_list":["post-38513","page","type-page","status-publish","hentry"],"acf":[],"_links":{"self":[{"href":"https:\/\/casana.nl\/en\/wp-json\/wp\/v2\/pages\/38513","targetHints":{"allow":["GET"]}}],"collection":[{"href":"https:\/\/casana.nl\/en\/wp-json\/wp\/v2\/pages"}],"about":[{"href":"https:\/\/casana.nl\/en\/wp-json\/wp\/v2\/types\/page"}],"author":[{"embeddable":true,"href":"https:\/\/casana.nl\/en\/wp-json\/wp\/v2\/users\/11"}],"replies":[{"embeddable":true,"href":"https:\/\/casana.nl\/en\/wp-json\/wp\/v2\/comments?post=38513"}],"version-history":[{"count":11,"href":"https:\/\/casana.nl\/en\/wp-json\/wp\/v2\/pages\/38513\/revisions"}],"predecessor-version":[{"id":55596,"href":"https:\/\/casana.nl\/en\/wp-json\/wp\/v2\/pages\/38513\/revisions\/55596"}],"wp:attachment":[{"href":"https:\/\/casana.nl\/en\/wp-json\/wp\/v2\/media?parent=38513"}],"curies":[{"name":"wp","href":"https:\/\/api.w.org\/{rel}","templated":true}]}}