{"id":37982,"date":"2021-02-25T14:24:35","date_gmt":"2021-02-25T13:24:35","guid":{"rendered":"https:\/\/casana.skyberatedev.nl\/?page_id=37982"},"modified":"2023-06-26T09:45:26","modified_gmt":"2023-06-26T07:45:26","slug":"mazarron-country-club","status":"publish","type":"page","link":"https:\/\/casana.nl\/en\/surroundings\/mazarron-country-club\/","title":{"rendered":"Mazarr\u00f3n Country Club"},"content":{"rendered":"<div class=\"wpb-content-wrapper\"><p>[vc_row][vc_column]\n\t\t<div id=\"wd-6037a4c3a066f\" class=\"title-wrapper wd-wpb wd-set-mb reset-last-child  wd-rs-6037a4c3a066f wd-title-color-default wd-title-style-default text-left  wd-underline-colored\">\n\t\t\t\n\t\t\t<div class=\"liner-continer\">\n\t\t\t\t<h4 class=\"woodmart-title-container title  wd-font-weight-500 wd-fontsize-xl\" >Mazarr\u00f3n Country Club<\/h4>\n\t\t\t\t\t\t\t<\/div>\n\t\t\t\n\t\t\t\n\t\t\t\n\t\t<\/div>\n\t\t\n\t\t[vc_column_text text_larger=&#8221;no&#8221;]At the Mazarr\u00f3n Country Club resort you will find various types of accomodations for rent. All of our rental properties are on the Mazarr\u00f3n Country Club resort with a restaurant and a supermarket. These properties are spaciously situated and most of the houses have their own private swimming pool.<\/p>\n<p>The resort is perfectly situated for different kind of trips and excursions in the area and has a lot of facilities.&nbsp;&nbsp;If you would like to play golf, you can go to the 18-holes golf course at Camposol which is only a five minute drive away.[\/vc_column_text][\/vc_column][\/vc_row][vc_row][vc_column width=&#8221;1\/2&#8243;]\n\t\t<div id=\"wd-6037a4d4d7a82\" class=\"title-wrapper wd-wpb wd-set-mb reset-last-child  wd-rs-6037a4d4d7a82 wd-title-color-default wd-title-style-default text-left  wd-underline-colored\">\n\t\t\t\n\t\t\t<div class=\"liner-continer\">\n\t\t\t\t<h4 class=\"woodmart-title-container title  wd-font-weight-500 wd-fontsize-l\" >Surroundings<\/h4>\n\t\t\t\t\t\t\t<\/div>\n\t\t\t\n\t\t\t\n\t\t\t\n\t\t<\/div>\n\t\t\n\t\t[vc_column_text text_larger=&#8221;no&#8221;]The center of Mazarr\u00f3n is just a five minute drive. Here you will find all the stores for your daily needs.<\/p>\n<p>The beach of Bolnuevo or Puerto de Mazarr\u00f3n is just a ten minute drive cruising along the coast surrounded by beautiful bays. Puerto de Mazarr\u00f3n is a typical seaside resort with an esplanade with palmtrees, a beach, a marina but without the high-rise buildings.<\/p>\n<p>If you decide to visit this beautiful area don\u2019t hesitate to visit cities like Murcia and Cartagena. Besides the cities it is worthwhile to visit and wander around in the authentic villages in the area. To get a good impression of the environment it is recommended to visit Sierra Espun\u00f1a. Sierra Espu\u00f1a is a wonderful natural park and just a 20 minute drive from the Mazarr\u00f3n Country Club.[\/vc_column_text]\n\t\t<div id=\"wd-6037a4df3cba1\" class=\"title-wrapper wd-wpb wd-set-mb reset-last-child  wd-rs-6037a4df3cba1 wd-title-color-default wd-title-style-default text-left  wd-underline-colored\">\n\t\t\t\n\t\t\t<div class=\"liner-continer\">\n\t\t\t\t<h4 class=\"woodmart-title-container title  wd-font-weight-500 wd-fontsize-l\" >Access to the Mazarr\u00f3n Country Club<\/h4>\n\t\t\t\t\t\t\t<\/div>\n\t\t\t\n\t\t\t\n\t\t\t\n\t\t<\/div>\n\t\t\n\t\t[vc_column_text text_larger=&#8221;no&#8221;]Mazarr\u00f3n Country Club is easy to reach. The resort is just five minutes from the heart of Mazarr\u00f3n.<\/p>\n<p>If you\u2019re coming by plane then there are two options.<br \/>\nYou can fly from London, Manchester, Birmingham, Bristol, Newcastle and Liverpool to Alicante. From the airport in Alicante it\u2019s a 75 minutes drive to the Mazarr\u00f3n Country Club. Even quicker is to fly to the airport of Corvera Murcia, just 15 minutes drive to the Mazarr\u00f3n Country Club.[\/vc_column_text][\/vc_column][vc_column width=&#8221;1\/2&#8243;][vc_single_image image=&#8221;37111&#8243; img_size=&#8221;large&#8221; alignment=&#8221;center&#8221; parallax_scroll=&#8221;no&#8221;]<div id=\"wd-6037a4ea19ba1\" class=\" wd-rs-6037a4ea19ba1  wd-button-wrapper text-center\"><a href=\"https:\/\/www.casana.nl\/en\/surroundings\/mazarron\/\" title=\"\" class=\"btn btn-style-default btn-shape-rectangle btn-size-default btn-icon-pos-left\">omgeving mazzaron<span class=\"wd-btn-icon\"><span class=\"wd-icon fas fa-search\"><\/span><\/span><\/a><\/div>[\/vc_column][\/vc_row][vc_row][vc_column][vc_single_image image=&#8221;50238&#8243; img_size=&#8221;full&#8221; parallax_scroll=&#8221;no&#8221;][\/vc_column][\/vc_row]<\/p>\n<\/div>","protected":false},"excerpt":{"rendered":"<p>[vc_row][vc_column][vc_column_text text_larger=&#8221;no&#8221;]At the Mazarr\u00f3n Country Club resort you will find various types of accomodations for rent. All of our rental<\/p>\n","protected":false},"author":11,"featured_media":0,"parent":37976,"menu_order":0,"comment_status":"closed","ping_status":"closed","template":"","meta":{"_acf_changed":false,"ngg_post_thumbnail":0,"footnotes":""},"class_list":["post-37982","page","type-page","status-publish","hentry"],"acf":[],"_links":{"self":[{"href":"https:\/\/casana.nl\/en\/wp-json\/wp\/v2\/pages\/37982","targetHints":{"allow":["GET"]}}],"collection":[{"href":"https:\/\/casana.nl\/en\/wp-json\/wp\/v2\/pages"}],"about":[{"href":"https:\/\/casana.nl\/en\/wp-json\/wp\/v2\/types\/page"}],"author":[{"embeddable":true,"href":"https:\/\/casana.nl\/en\/wp-json\/wp\/v2\/users\/11"}],"replies":[{"embeddable":true,"href":"https:\/\/casana.nl\/en\/wp-json\/wp\/v2\/comments?post=37982"}],"version-history":[{"count":7,"href":"https:\/\/casana.nl\/en\/wp-json\/wp\/v2\/pages\/37982\/revisions"}],"predecessor-version":[{"id":50253,"href":"https:\/\/casana.nl\/en\/wp-json\/wp\/v2\/pages\/37982\/revisions\/50253"}],"up":[{"embeddable":true,"href":"https:\/\/casana.nl\/en\/wp-json\/wp\/v2\/pages\/37976"}],"wp:attachment":[{"href":"https:\/\/casana.nl\/en\/wp-json\/wp\/v2\/media?parent=37982"}],"curies":[{"name":"wp","href":"https:\/\/api.w.org\/{rel}","templated":true}]}}